{"id":655,"date":"2022-12-12T12:21:57","date_gmt":"2022-12-12T12:21:57","guid":{"rendered":"https:\/\/old.smartislandcluster.org\/reexin\/?post_type=product&#038;p=655"},"modified":"2022-12-12T12:21:58","modified_gmt":"2022-12-12T12:21:58","slug":"inteligencia-artificial-y-finanzas-una-alianza-estrategica","status":"publish","type":"product","link":"https:\/\/old.smartislandcluster.org\/reexin\/recurso\/inteligencia-artificial-y-finanzas-una-alianza-estrategica\/","title":{"rendered":"Inteligencia artificial y finanzas: una alianza estrat\u00e9gica"},"content":{"rendered":"<p>Recientes avances tecnol\u00f3gicos, como el almacenamiento masivo de datos y la computaci\u00f3n en la nube, est\u00e1n dando lugar a un mayor uso de la inteligencia artificial en la econom\u00eda y las finanzas, y modificando aspectos fundamentales tanto para entidades como para supervisores. En este documento revisamos las principales tendencias de esta transformaci\u00f3n, especialmente el uso de algoritmos de aprendizaje autom\u00e1tico para la predicci\u00f3n en entornos de incertidumbre, y detallamos algunos de los casos de uso m\u00e1s relevantes en la actualidad, como son la calificaci\u00f3n crediticia, el control del fraude y la predicci\u00f3n macroecon\u00f3mica.<\/p>\n","protected":false},"excerpt":{"rendered":"<p>Recientes avances tecnol\u00f3gicos, como el almacenamiento masivo de datos y la computaci\u00f3n en la nube, est\u00e1n dando lugar a un mayor uso de la inteligencia artificial en la econom\u00eda y las finanzas, y modificando aspectos fundamentales tanto para entidades como para supervisores. En este documento revisamos las principales tendencias de esta transformaci\u00f3n, especialmente el uso [&hellip;]<\/p>\n","protected":false},"featured_media":0,"template":"","meta":{"_genesis_hide_title":false,"_genesis_hide_breadcrumbs":false,"_genesis_hide_singular_image":false,"_genesis_hide_footer_widgets":false,"_genesis_custom_body_class":"","_genesis_custom_post_class":"","_genesis_layout":""},"product_cat":[56],"product_tag":[],"class_list":{"0":"post-655","1":"product","2":"type-product","3":"status-publish","5":"product_cat-publicaciones","6":"entry"},"featured_image_urls":{"full":"","thumbnail":"","medium":"","medium_large":"","large":"","1536x1536":"","2048x2048":"","featured-page":"","woocommerce_thumbnail":"","woocommerce_single":"","woocommerce_gallery_thumbnail":""},"post_excerpt_stackable":"<p>Recientes avances tecnol\u00f3gicos, como el almacenamiento masivo de datos y la computaci\u00f3n en la nube, est\u00e1n dando lugar a un mayor uso de la inteligencia artificial en la econom\u00eda y las finanzas, y modificando aspectos fundamentales tanto para entidades como para supervisores. En este documento revisamos las principales tendencias de esta transformaci\u00f3n, especialmente el uso de algoritmos de aprendizaje autom\u00e1tico para la predicci\u00f3n en entornos de incertidumbre, y detallamos algunos de los casos de uso m\u00e1s relevantes en la actualidad, como son la calificaci\u00f3n crediticia, el control del fraude y la predicci\u00f3n macroecon\u00f3mica.<\/p>\n","category_list":"","author_info":{"name":"","url":""},"comments_num":"0 comentarios","featured_image_urls_v2":{"full":"","thumbnail":"","medium":"","medium_large":"","large":"","1536x1536":"","2048x2048":"","featured-page":"","woocommerce_thumbnail":"","woocommerce_single":"","woocommerce_gallery_thumbnail":""},"post_excerpt_stackable_v2":"<p>Recientes avances tecnol\u00f3gicos, como el almacenamiento masivo de datos y la computaci\u00f3n en la nube, est\u00e1n dando lugar a un mayor uso de la inteligencia artificial en la econom\u00eda y las finanzas, y modificando aspectos fundamentales tanto para entidades como para supervisores. En este documento revisamos las principales tendencias de esta transformaci\u00f3n, especialmente el uso de algoritmos de aprendizaje autom\u00e1tico para la predicci\u00f3n en entornos de incertidumbre, y detallamos algunos de los casos de uso m\u00e1s relevantes en la actualidad, como son la calificaci\u00f3n crediticia, el control del fraude y la predicci\u00f3n macroecon\u00f3mica.<\/p>\n","category_list_v2":"","author_info_v2":{"name":"","url":""},"comments_num_v2":"0 comentarios","yoast_head":"<!-- This site is optimized with the Yoast SEO plugin v19.11 - https:\/\/yoast.com\/wordpress\/plugins\/seo\/ -->\n<title>Inteligencia artificial y finanzas: una alianza estrat\u00e9gica &gt; REEXIN<\/title>\n<meta name=\"robots\" content=\"index, follow, max-snippet:-1, max-image-preview:large, max-video-preview:-1\" \/>\n<link rel=\"canonical\" href=\"https:\/\/old.smartislandcluster.org\/reexin\/recurso\/inteligencia-artificial-y-finanzas-una-alianza-estrategica\/\" \/>\n<meta property=\"og:locale\" content=\"es_ES\" \/>\n<meta property=\"og:type\" content=\"article\" \/>\n<meta property=\"og:title\" content=\"Inteligencia artificial y finanzas: una alianza estrat\u00e9gica &gt; REEXIN\" \/>\n<meta property=\"og:description\" content=\"Recientes avances tecnol\u00f3gicos, como el almacenamiento masivo de datos y la computaci\u00f3n en la nube, est\u00e1n dando lugar a un mayor uso de la inteligencia artificial en la econom\u00eda y las finanzas, y modificando aspectos fundamentales tanto para entidades como para supervisores. En este documento revisamos las principales tendencias de esta transformaci\u00f3n, especialmente el uso [&hellip;]\" \/>\n<meta property=\"og:url\" content=\"https:\/\/old.smartislandcluster.org\/reexin\/recurso\/inteligencia-artificial-y-finanzas-una-alianza-estrategica\/\" \/>\n<meta property=\"og:site_name\" content=\"REEXIN\" \/>\n<meta property=\"article:modified_time\" content=\"2022-12-12T12:21:58+00:00\" \/>\n<meta name=\"twitter:card\" content=\"summary_large_image\" \/>\n<script type=\"application\/ld+json\" class=\"yoast-schema-graph\">{\"@context\":\"https:\/\/schema.org\",\"@graph\":[{\"@type\":\"WebPage\",\"@id\":\"https:\/\/old.smartislandcluster.org\/reexin\/recurso\/inteligencia-artificial-y-finanzas-una-alianza-estrategica\/\",\"url\":\"https:\/\/old.smartislandcluster.org\/reexin\/recurso\/inteligencia-artificial-y-finanzas-una-alianza-estrategica\/\",\"name\":\"Inteligencia artificial y finanzas: una alianza estrat\u00e9gica &gt; REEXIN\",\"isPartOf\":{\"@id\":\"https:\/\/old.smartislandcluster.org\/reexin\/#website\"},\"datePublished\":\"2022-12-12T12:21:57+00:00\",\"dateModified\":\"2022-12-12T12:21:58+00:00\",\"breadcrumb\":{\"@id\":\"https:\/\/old.smartislandcluster.org\/reexin\/recurso\/inteligencia-artificial-y-finanzas-una-alianza-estrategica\/#breadcrumb\"},\"inLanguage\":\"es\",\"potentialAction\":[{\"@type\":\"ReadAction\",\"target\":[\"https:\/\/old.smartislandcluster.org\/reexin\/recurso\/inteligencia-artificial-y-finanzas-una-alianza-estrategica\/\"]}]},{\"@type\":\"BreadcrumbList\",\"@id\":\"https:\/\/old.smartislandcluster.org\/reexin\/recurso\/inteligencia-artificial-y-finanzas-una-alianza-estrategica\/#breadcrumb\",\"itemListElement\":[{\"@type\":\"ListItem\",\"position\":1,\"name\":\"Portada\",\"item\":\"https:\/\/old.smartislandcluster.org\/reexin\/\"},{\"@type\":\"ListItem\",\"position\":2,\"name\":\"Inteligencia artificial y finanzas: una alianza estrat\u00e9gica\"}]},{\"@type\":\"WebSite\",\"@id\":\"https:\/\/old.smartislandcluster.org\/reexin\/#website\",\"url\":\"https:\/\/old.smartislandcluster.org\/reexin\/\",\"name\":\"REEXIN\",\"description\":\"Portal de referencia de Recursos de Expansi\u00f3n Internacional\",\"potentialAction\":[{\"@type\":\"SearchAction\",\"target\":{\"@type\":\"EntryPoint\",\"urlTemplate\":\"https:\/\/old.smartislandcluster.org\/reexin\/?s={search_term_string}\"},\"query-input\":\"required name=search_term_string\"}],\"inLanguage\":\"es\"}]}<\/script>\n<!-- \/ Yoast SEO plugin. -->","yoast_head_json":{"title":"Inteligencia artificial y finanzas: una alianza estrat\u00e9gica &gt; REEXIN","robots":{"index":"index","follow":"follow","max-snippet":"max-snippet:-1","max-image-preview":"max-image-preview:large","max-video-preview":"max-video-preview:-1"},"canonical":"https:\/\/old.smartislandcluster.org\/reexin\/recurso\/inteligencia-artificial-y-finanzas-una-alianza-estrategica\/","og_locale":"es_ES","og_type":"article","og_title":"Inteligencia artificial y finanzas: una alianza estrat\u00e9gica &gt; REEXIN","og_description":"Recientes avances tecnol\u00f3gicos, como el almacenamiento masivo de datos y la computaci\u00f3n en la nube, est\u00e1n dando lugar a un mayor uso de la inteligencia artificial en la econom\u00eda y las finanzas, y modificando aspectos fundamentales tanto para entidades como para supervisores. En este documento revisamos las principales tendencias de esta transformaci\u00f3n, especialmente el uso [&hellip;]","og_url":"https:\/\/old.smartislandcluster.org\/reexin\/recurso\/inteligencia-artificial-y-finanzas-una-alianza-estrategica\/","og_site_name":"REEXIN","article_modified_time":"2022-12-12T12:21:58+00:00","twitter_card":"summary_large_image","schema":{"@context":"https:\/\/schema.org","@graph":[{"@type":"WebPage","@id":"https:\/\/old.smartislandcluster.org\/reexin\/recurso\/inteligencia-artificial-y-finanzas-una-alianza-estrategica\/","url":"https:\/\/old.smartislandcluster.org\/reexin\/recurso\/inteligencia-artificial-y-finanzas-una-alianza-estrategica\/","name":"Inteligencia artificial y finanzas: una alianza estrat\u00e9gica &gt; REEXIN","isPartOf":{"@id":"https:\/\/old.smartislandcluster.org\/reexin\/#website"},"datePublished":"2022-12-12T12:21:57+00:00","dateModified":"2022-12-12T12:21:58+00:00","breadcrumb":{"@id":"https:\/\/old.smartislandcluster.org\/reexin\/recurso\/inteligencia-artificial-y-finanzas-una-alianza-estrategica\/#breadcrumb"},"inLanguage":"es","potentialAction":[{"@type":"ReadAction","target":["https:\/\/old.smartislandcluster.org\/reexin\/recurso\/inteligencia-artificial-y-finanzas-una-alianza-estrategica\/"]}]},{"@type":"BreadcrumbList","@id":"https:\/\/old.smartislandcluster.org\/reexin\/recurso\/inteligencia-artificial-y-finanzas-una-alianza-estrategica\/#breadcrumb","itemListElement":[{"@type":"ListItem","position":1,"name":"Portada","item":"https:\/\/old.smartislandcluster.org\/reexin\/"},{"@type":"ListItem","position":2,"name":"Inteligencia artificial y finanzas: una alianza estrat\u00e9gica"}]},{"@type":"WebSite","@id":"https:\/\/old.smartislandcluster.org\/reexin\/#website","url":"https:\/\/old.smartislandcluster.org\/reexin\/","name":"REEXIN","description":"Portal de referencia de Recursos de Expansi\u00f3n Internacional","potentialAction":[{"@type":"SearchAction","target":{"@type":"EntryPoint","urlTemplate":"https:\/\/old.smartislandcluster.org\/reexin\/?s={search_term_string}"},"query-input":"required name=search_term_string"}],"inLanguage":"es"}]}},"_links":{"self":[{"href":"https:\/\/old.smartislandcluster.org\/reexin\/wp-json\/wp\/v2\/product\/655","targetHints":{"allow":["GET"]}}],"collection":[{"href":"https:\/\/old.smartislandcluster.org\/reexin\/wp-json\/wp\/v2\/product"}],"about":[{"href":"https:\/\/old.smartislandcluster.org\/reexin\/wp-json\/wp\/v2\/types\/product"}],"wp:attachment":[{"href":"https:\/\/old.smartislandcluster.org\/reexin\/wp-json\/wp\/v2\/media?parent=655"}],"wp:term":[{"taxonomy":"product_cat","embeddable":true,"href":"https:\/\/old.smartislandcluster.org\/reexin\/wp-json\/wp\/v2\/product_cat?post=655"},{"taxonomy":"product_tag","embeddable":true,"href":"https:\/\/old.smartislandcluster.org\/reexin\/wp-json\/wp\/v2\/product_tag?post=655"}],"curies":[{"name":"wp","href":"https:\/\/api.w.org\/{rel}","templated":true}]}}