{"id":654,"date":"2022-12-12T12:11:50","date_gmt":"2022-12-12T12:11:50","guid":{"rendered":"https:\/\/old.smartislandcluster.org\/reexin\/?post_type=product&#038;p=654"},"modified":"2022-12-12T12:11:51","modified_gmt":"2022-12-12T12:11:51","slug":"sostenibilidad-e-internacionalizacion-retos-y-oportunidades-desde-una-aproximacion-sectorial","status":"publish","type":"product","link":"https:\/\/old.smartislandcluster.org\/reexin\/recurso\/sostenibilidad-e-internacionalizacion-retos-y-oportunidades-desde-una-aproximacion-sectorial\/","title":{"rendered":"Sostenibilidad e Internacionalizaci\u00f3n. Retos y oportunidades desde una aproximaci\u00f3n sectorial"},"content":{"rendered":"<p>La sostenibilidad en la actualidad supone un elemento transversal que se aborda desde cada vez m\u00e1s programas y proyectos de la entidad en sus tres \u00e1mbitos de actuaci\u00f3n: el apoyo a las empresas espa\u00f1olas en su andadura internacional; la canalizaci\u00f3n de inversi\u00f3n directa extranjera de calidad a nuestro pa\u00eds, y la atracci\u00f3n y formaci\u00f3n de talento para la internacionalizaci\u00f3n, todo ello desde una perspectiva sectorial.<\/p>\n<p>Con la intenci\u00f3n de ir m\u00e1s all\u00e1 de los sectores que, tradicionalmente, se asocian con lo sostenible (v. gr., las energ\u00edas limpias), esta obra pretende fomentar la sostenibilidad empresarial en sectores tradicionales con gran potencial para la econom\u00eda espa\u00f1ola: la industria agroalimentaria, la moda y el dise\u00f1o, la pesca y acuicultura, la movilidad, el turismo o la construcci\u00f3n. Cada cap\u00edtulo, a cargo de varios especialistas, presenta el an\u00e1lisis de un sector desde la perspectiva de la sostenibilidad, recoge opiniones de destacados actores de este y presenta los retos y oportunidades espec\u00edficos que ofrece. La obra se cierra con unas conclusiones generales.<\/p>\n","protected":false},"excerpt":{"rendered":"<p>La sostenibilidad en la actualidad supone un elemento transversal que se aborda desde cada vez m\u00e1s programas y proyectos de la entidad en sus tres \u00e1mbitos de actuaci\u00f3n: el apoyo a las empresas espa\u00f1olas en su andadura internacional; la canalizaci\u00f3n de inversi\u00f3n directa extranjera de calidad a nuestro pa\u00eds, y la atracci\u00f3n y formaci\u00f3n de [&hellip;]<\/p>\n","protected":false},"featured_media":0,"template":"","meta":{"_genesis_hide_title":false,"_genesis_hide_breadcrumbs":false,"_genesis_hide_singular_image":false,"_genesis_hide_footer_widgets":false,"_genesis_custom_body_class":"","_genesis_custom_post_class":"","_genesis_layout":""},"product_cat":[56],"product_tag":[],"class_list":{"0":"post-654","1":"product","2":"type-product","3":"status-publish","5":"product_cat-publicaciones","6":"entry"},"featured_image_urls":{"full":"","thumbnail":"","medium":"","medium_large":"","large":"","1536x1536":"","2048x2048":"","featured-page":"","woocommerce_thumbnail":"","woocommerce_single":"","woocommerce_gallery_thumbnail":""},"post_excerpt_stackable":"<p>La sostenibilidad en la actualidad supone un elemento transversal que se aborda desde cada vez m\u00e1s programas y proyectos de la entidad en sus tres \u00e1mbitos de actuaci\u00f3n: el apoyo a las empresas espa\u00f1olas en su andadura internacional; la canalizaci\u00f3n de inversi\u00f3n directa extranjera de calidad a nuestro pa\u00eds, y la atracci\u00f3n y formaci\u00f3n de talento para la internacionalizaci\u00f3n, todo ello desde una perspectiva sectorial. Con la intenci\u00f3n de ir m\u00e1s all\u00e1 de los sectores que, tradicionalmente, se asocian con lo sostenible (v. gr., las energ\u00edas limpias), esta obra pretende fomentar la sostenibilidad empresarial en sectores tradicionales con gran potencial&hellip;<\/p>\n","category_list":"","author_info":{"name":"","url":""},"comments_num":"0 comentarios","featured_image_urls_v2":{"full":"","thumbnail":"","medium":"","medium_large":"","large":"","1536x1536":"","2048x2048":"","featured-page":"","woocommerce_thumbnail":"","woocommerce_single":"","woocommerce_gallery_thumbnail":""},"post_excerpt_stackable_v2":"<p>La sostenibilidad en la actualidad supone un elemento transversal que se aborda desde cada vez m\u00e1s programas y proyectos de la entidad en sus tres \u00e1mbitos de actuaci\u00f3n: el apoyo a las empresas espa\u00f1olas en su andadura internacional; la canalizaci\u00f3n de inversi\u00f3n directa extranjera de calidad a nuestro pa\u00eds, y la atracci\u00f3n y formaci\u00f3n de talento para la internacionalizaci\u00f3n, todo ello desde una perspectiva sectorial. Con la intenci\u00f3n de ir m\u00e1s all\u00e1 de los sectores que, tradicionalmente, se asocian con lo sostenible (v. gr., las energ\u00edas limpias), esta obra pretende fomentar la sostenibilidad empresarial en sectores tradicionales con gran potencial&hellip;<\/p>\n","category_list_v2":"","author_info_v2":{"name":"","url":""},"comments_num_v2":"0 comentarios","yoast_head":"<!-- This site is optimized with the Yoast SEO plugin v19.11 - https:\/\/yoast.com\/wordpress\/plugins\/seo\/ -->\n<title>Sostenibilidad e Internacionalizaci\u00f3n. Retos y oportunidades desde una aproximaci\u00f3n sectorial &gt; REEXIN<\/title>\n<meta name=\"robots\" content=\"index, follow, max-snippet:-1, max-image-preview:large, max-video-preview:-1\" \/>\n<link rel=\"canonical\" href=\"https:\/\/old.smartislandcluster.org\/reexin\/recurso\/sostenibilidad-e-internacionalizacion-retos-y-oportunidades-desde-una-aproximacion-sectorial\/\" \/>\n<meta property=\"og:locale\" content=\"es_ES\" \/>\n<meta property=\"og:type\" content=\"article\" \/>\n<meta property=\"og:title\" content=\"Sostenibilidad e Internacionalizaci\u00f3n. Retos y oportunidades desde una aproximaci\u00f3n sectorial &gt; REEXIN\" \/>\n<meta property=\"og:description\" content=\"La sostenibilidad en la actualidad supone un elemento transversal que se aborda desde cada vez m\u00e1s programas y proyectos de la entidad en sus tres \u00e1mbitos de actuaci\u00f3n: el apoyo a las empresas espa\u00f1olas en su andadura internacional; la canalizaci\u00f3n de inversi\u00f3n directa extranjera de calidad a nuestro pa\u00eds, y la atracci\u00f3n y formaci\u00f3n de [&hellip;]\" \/>\n<meta property=\"og:url\" content=\"https:\/\/old.smartislandcluster.org\/reexin\/recurso\/sostenibilidad-e-internacionalizacion-retos-y-oportunidades-desde-una-aproximacion-sectorial\/\" \/>\n<meta property=\"og:site_name\" content=\"REEXIN\" \/>\n<meta property=\"article:modified_time\" content=\"2022-12-12T12:11:51+00:00\" \/>\n<meta name=\"twitter:card\" content=\"summary_large_image\" \/>\n<script type=\"application\/ld+json\" class=\"yoast-schema-graph\">{\"@context\":\"https:\/\/schema.org\",\"@graph\":[{\"@type\":\"WebPage\",\"@id\":\"https:\/\/old.smartislandcluster.org\/reexin\/recurso\/sostenibilidad-e-internacionalizacion-retos-y-oportunidades-desde-una-aproximacion-sectorial\/\",\"url\":\"https:\/\/old.smartislandcluster.org\/reexin\/recurso\/sostenibilidad-e-internacionalizacion-retos-y-oportunidades-desde-una-aproximacion-sectorial\/\",\"name\":\"Sostenibilidad e Internacionalizaci\u00f3n. Retos y oportunidades desde una aproximaci\u00f3n sectorial &gt; REEXIN\",\"isPartOf\":{\"@id\":\"https:\/\/old.smartislandcluster.org\/reexin\/#website\"},\"datePublished\":\"2022-12-12T12:11:50+00:00\",\"dateModified\":\"2022-12-12T12:11:51+00:00\",\"breadcrumb\":{\"@id\":\"https:\/\/old.smartislandcluster.org\/reexin\/recurso\/sostenibilidad-e-internacionalizacion-retos-y-oportunidades-desde-una-aproximacion-sectorial\/#breadcrumb\"},\"inLanguage\":\"es\",\"potentialAction\":[{\"@type\":\"ReadAction\",\"target\":[\"https:\/\/old.smartislandcluster.org\/reexin\/recurso\/sostenibilidad-e-internacionalizacion-retos-y-oportunidades-desde-una-aproximacion-sectorial\/\"]}]},{\"@type\":\"BreadcrumbList\",\"@id\":\"https:\/\/old.smartislandcluster.org\/reexin\/recurso\/sostenibilidad-e-internacionalizacion-retos-y-oportunidades-desde-una-aproximacion-sectorial\/#breadcrumb\",\"itemListElement\":[{\"@type\":\"ListItem\",\"position\":1,\"name\":\"Portada\",\"item\":\"https:\/\/old.smartislandcluster.org\/reexin\/\"},{\"@type\":\"ListItem\",\"position\":2,\"name\":\"Sostenibilidad e Internacionalizaci\u00f3n. Retos y oportunidades desde una aproximaci\u00f3n sectorial\"}]},{\"@type\":\"WebSite\",\"@id\":\"https:\/\/old.smartislandcluster.org\/reexin\/#website\",\"url\":\"https:\/\/old.smartislandcluster.org\/reexin\/\",\"name\":\"REEXIN\",\"description\":\"Portal de referencia de Recursos de Expansi\u00f3n Internacional\",\"potentialAction\":[{\"@type\":\"SearchAction\",\"target\":{\"@type\":\"EntryPoint\",\"urlTemplate\":\"https:\/\/old.smartislandcluster.org\/reexin\/?s={search_term_string}\"},\"query-input\":\"required name=search_term_string\"}],\"inLanguage\":\"es\"}]}<\/script>\n<!-- \/ Yoast SEO plugin. -->","yoast_head_json":{"title":"Sostenibilidad e Internacionalizaci\u00f3n. Retos y oportunidades desde una aproximaci\u00f3n sectorial &gt; REEXIN","robots":{"index":"index","follow":"follow","max-snippet":"max-snippet:-1","max-image-preview":"max-image-preview:large","max-video-preview":"max-video-preview:-1"},"canonical":"https:\/\/old.smartislandcluster.org\/reexin\/recurso\/sostenibilidad-e-internacionalizacion-retos-y-oportunidades-desde-una-aproximacion-sectorial\/","og_locale":"es_ES","og_type":"article","og_title":"Sostenibilidad e Internacionalizaci\u00f3n. Retos y oportunidades desde una aproximaci\u00f3n sectorial &gt; REEXIN","og_description":"La sostenibilidad en la actualidad supone un elemento transversal que se aborda desde cada vez m\u00e1s programas y proyectos de la entidad en sus tres \u00e1mbitos de actuaci\u00f3n: el apoyo a las empresas espa\u00f1olas en su andadura internacional; la canalizaci\u00f3n de inversi\u00f3n directa extranjera de calidad a nuestro pa\u00eds, y la atracci\u00f3n y formaci\u00f3n de [&hellip;]","og_url":"https:\/\/old.smartislandcluster.org\/reexin\/recurso\/sostenibilidad-e-internacionalizacion-retos-y-oportunidades-desde-una-aproximacion-sectorial\/","og_site_name":"REEXIN","article_modified_time":"2022-12-12T12:11:51+00:00","twitter_card":"summary_large_image","schema":{"@context":"https:\/\/schema.org","@graph":[{"@type":"WebPage","@id":"https:\/\/old.smartislandcluster.org\/reexin\/recurso\/sostenibilidad-e-internacionalizacion-retos-y-oportunidades-desde-una-aproximacion-sectorial\/","url":"https:\/\/old.smartislandcluster.org\/reexin\/recurso\/sostenibilidad-e-internacionalizacion-retos-y-oportunidades-desde-una-aproximacion-sectorial\/","name":"Sostenibilidad e Internacionalizaci\u00f3n. Retos y oportunidades desde una aproximaci\u00f3n sectorial &gt; REEXIN","isPartOf":{"@id":"https:\/\/old.smartislandcluster.org\/reexin\/#website"},"datePublished":"2022-12-12T12:11:50+00:00","dateModified":"2022-12-12T12:11:51+00:00","breadcrumb":{"@id":"https:\/\/old.smartislandcluster.org\/reexin\/recurso\/sostenibilidad-e-internacionalizacion-retos-y-oportunidades-desde-una-aproximacion-sectorial\/#breadcrumb"},"inLanguage":"es","potentialAction":[{"@type":"ReadAction","target":["https:\/\/old.smartislandcluster.org\/reexin\/recurso\/sostenibilidad-e-internacionalizacion-retos-y-oportunidades-desde-una-aproximacion-sectorial\/"]}]},{"@type":"BreadcrumbList","@id":"https:\/\/old.smartislandcluster.org\/reexin\/recurso\/sostenibilidad-e-internacionalizacion-retos-y-oportunidades-desde-una-aproximacion-sectorial\/#breadcrumb","itemListElement":[{"@type":"ListItem","position":1,"name":"Portada","item":"https:\/\/old.smartislandcluster.org\/reexin\/"},{"@type":"ListItem","position":2,"name":"Sostenibilidad e Internacionalizaci\u00f3n. Retos y oportunidades desde una aproximaci\u00f3n sectorial"}]},{"@type":"WebSite","@id":"https:\/\/old.smartislandcluster.org\/reexin\/#website","url":"https:\/\/old.smartislandcluster.org\/reexin\/","name":"REEXIN","description":"Portal de referencia de Recursos de Expansi\u00f3n Internacional","potentialAction":[{"@type":"SearchAction","target":{"@type":"EntryPoint","urlTemplate":"https:\/\/old.smartislandcluster.org\/reexin\/?s={search_term_string}"},"query-input":"required name=search_term_string"}],"inLanguage":"es"}]}},"_links":{"self":[{"href":"https:\/\/old.smartislandcluster.org\/reexin\/wp-json\/wp\/v2\/product\/654","targetHints":{"allow":["GET"]}}],"collection":[{"href":"https:\/\/old.smartislandcluster.org\/reexin\/wp-json\/wp\/v2\/product"}],"about":[{"href":"https:\/\/old.smartislandcluster.org\/reexin\/wp-json\/wp\/v2\/types\/product"}],"wp:attachment":[{"href":"https:\/\/old.smartislandcluster.org\/reexin\/wp-json\/wp\/v2\/media?parent=654"}],"wp:term":[{"taxonomy":"product_cat","embeddable":true,"href":"https:\/\/old.smartislandcluster.org\/reexin\/wp-json\/wp\/v2\/product_cat?post=654"},{"taxonomy":"product_tag","embeddable":true,"href":"https:\/\/old.smartislandcluster.org\/reexin\/wp-json\/wp\/v2\/product_tag?post=654"}],"curies":[{"name":"wp","href":"https:\/\/api.w.org\/{rel}","templated":true}]}}