{"id":652,"date":"2022-12-12T11:55:40","date_gmt":"2022-12-12T11:55:40","guid":{"rendered":"https:\/\/old.smartislandcluster.org\/reexin\/?post_type=product&#038;p=652"},"modified":"2022-12-12T11:56:19","modified_gmt":"2022-12-12T11:56:19","slug":"guia-practica-para-la-aplicacion-de-la-economia-circular-en-el-sector-turistico-en-espana","status":"publish","type":"product","link":"https:\/\/old.smartislandcluster.org\/reexin\/recurso\/guia-practica-para-la-aplicacion-de-la-economia-circular-en-el-sector-turistico-en-espana\/","title":{"rendered":"Gu\u00eda pr\u00e1ctica para la aplicaci\u00f3n de la econom\u00eda circular en el sector tur\u00edstico en Espa\u00f1a"},"content":{"rendered":"<p>La Gu\u00eda Pr\u00e1ctica para la Aplicaci\u00f3n de la Econom\u00eda Circular en el sector tur\u00edstico en Espa\u00f1a hace un repaso por la importancia que ha adquirido la econom\u00eda circular para la econom\u00eda en general, y para el sector tur\u00edstico, en particular, donde se menciona entre sus beneficios para el sector el ahorro de costes para las empresas, a lo que se suma el beneficio reputacional y el bienestar social.<\/p>\n<p>La gu\u00eda establece que las principales palancas para el despliegue de la econom\u00eda circular en el sector tur\u00edstico de Espa\u00f1a son la Agenda 2030 para el desarrollo sostenible, el acuerdo de Par\u00eds sobre el cambio clim\u00e1tico, el Pacto Verde Europeo, el Plan de Acci\u00f3n de Econom\u00eda Circular de la UE 2020 o el Plan de Recuperaci\u00f3n, Transformaci\u00f3n y Resiliencia, entre otras.<\/p>\n","protected":false},"excerpt":{"rendered":"<p>La Gu\u00eda Pr\u00e1ctica para la Aplicaci\u00f3n de la Econom\u00eda Circular en el sector tur\u00edstico en Espa\u00f1a hace un repaso por la importancia que ha adquirido la econom\u00eda circular para la econom\u00eda en general, y para el sector tur\u00edstico, en particular, donde se menciona entre sus beneficios para el sector el ahorro de costes para las [&hellip;]<\/p>\n","protected":false},"featured_media":0,"template":"","meta":{"_genesis_hide_title":false,"_genesis_hide_breadcrumbs":false,"_genesis_hide_singular_image":false,"_genesis_hide_footer_widgets":false,"_genesis_custom_body_class":"","_genesis_custom_post_class":"","_genesis_layout":""},"product_cat":[31],"product_tag":[],"class_list":{"0":"post-652","1":"product","2":"type-product","3":"status-publish","5":"product_cat-guias","6":"entry"},"featured_image_urls":{"full":"","thumbnail":"","medium":"","medium_large":"","large":"","1536x1536":"","2048x2048":"","featured-page":"","woocommerce_thumbnail":"","woocommerce_single":"","woocommerce_gallery_thumbnail":""},"post_excerpt_stackable":"<p>La Gu\u00eda Pr\u00e1ctica para la Aplicaci\u00f3n de la Econom\u00eda Circular en el sector tur\u00edstico en Espa\u00f1a hace un repaso por la importancia que ha adquirido la econom\u00eda circular para la econom\u00eda en general, y para el sector tur\u00edstico, en particular, donde se menciona entre sus beneficios para el sector el ahorro de costes para las empresas, a lo que se suma el beneficio reputacional y el bienestar social. La gu\u00eda establece que las principales palancas para el despliegue de la econom\u00eda circular en el sector tur\u00edstico de Espa\u00f1a son la Agenda 2030 para el desarrollo sostenible, el acuerdo de Par\u00eds&hellip;<\/p>\n","category_list":"","author_info":{"name":"","url":""},"comments_num":"0 comentarios","featured_image_urls_v2":{"full":"","thumbnail":"","medium":"","medium_large":"","large":"","1536x1536":"","2048x2048":"","featured-page":"","woocommerce_thumbnail":"","woocommerce_single":"","woocommerce_gallery_thumbnail":""},"post_excerpt_stackable_v2":"<p>La Gu\u00eda Pr\u00e1ctica para la Aplicaci\u00f3n de la Econom\u00eda Circular en el sector tur\u00edstico en Espa\u00f1a hace un repaso por la importancia que ha adquirido la econom\u00eda circular para la econom\u00eda en general, y para el sector tur\u00edstico, en particular, donde se menciona entre sus beneficios para el sector el ahorro de costes para las empresas, a lo que se suma el beneficio reputacional y el bienestar social. La gu\u00eda establece que las principales palancas para el despliegue de la econom\u00eda circular en el sector tur\u00edstico de Espa\u00f1a son la Agenda 2030 para el desarrollo sostenible, el acuerdo de Par\u00eds&hellip;<\/p>\n","category_list_v2":"","author_info_v2":{"name":"","url":""},"comments_num_v2":"0 comentarios","yoast_head":"<!-- This site is optimized with the Yoast SEO plugin v19.11 - https:\/\/yoast.com\/wordpress\/plugins\/seo\/ -->\n<title>Gu\u00eda pr\u00e1ctica para la aplicaci\u00f3n de la econom\u00eda circular en el sector tur\u00edstico en Espa\u00f1a &gt; REEXIN<\/title>\n<meta name=\"description\" content=\"La Gu\u00eda Pr\u00e1ctica para la Aplicaci\u00f3n de la Econom\u00eda Circular en el sector tur\u00edstico en Espa\u00f1a hace un repaso por los beneficios para el sector.\" \/>\n<meta name=\"robots\" content=\"index, follow, max-snippet:-1, max-image-preview:large, max-video-preview:-1\" \/>\n<link rel=\"canonical\" href=\"https:\/\/old.smartislandcluster.org\/reexin\/recurso\/guia-practica-para-la-aplicacion-de-la-economia-circular-en-el-sector-turistico-en-espana\/\" \/>\n<meta property=\"og:locale\" content=\"es_ES\" \/>\n<meta property=\"og:type\" content=\"article\" \/>\n<meta property=\"og:title\" content=\"Gu\u00eda pr\u00e1ctica para la aplicaci\u00f3n de la econom\u00eda circular en el sector tur\u00edstico en Espa\u00f1a &gt; REEXIN\" \/>\n<meta property=\"og:description\" content=\"La Gu\u00eda Pr\u00e1ctica para la Aplicaci\u00f3n de la Econom\u00eda Circular en el sector tur\u00edstico en Espa\u00f1a hace un repaso por los beneficios para el sector.\" \/>\n<meta property=\"og:url\" content=\"https:\/\/old.smartislandcluster.org\/reexin\/recurso\/guia-practica-para-la-aplicacion-de-la-economia-circular-en-el-sector-turistico-en-espana\/\" \/>\n<meta property=\"og:site_name\" content=\"REEXIN\" \/>\n<meta property=\"article:modified_time\" content=\"2022-12-12T11:56:19+00:00\" \/>\n<meta name=\"twitter:card\" content=\"summary_large_image\" \/>\n<script type=\"application\/ld+json\" class=\"yoast-schema-graph\">{\"@context\":\"https:\/\/schema.org\",\"@graph\":[{\"@type\":\"WebPage\",\"@id\":\"https:\/\/old.smartislandcluster.org\/reexin\/recurso\/guia-practica-para-la-aplicacion-de-la-economia-circular-en-el-sector-turistico-en-espana\/\",\"url\":\"https:\/\/old.smartislandcluster.org\/reexin\/recurso\/guia-practica-para-la-aplicacion-de-la-economia-circular-en-el-sector-turistico-en-espana\/\",\"name\":\"Gu\u00eda pr\u00e1ctica para la aplicaci\u00f3n de la econom\u00eda circular en el sector tur\u00edstico en Espa\u00f1a &gt; REEXIN\",\"isPartOf\":{\"@id\":\"https:\/\/old.smartislandcluster.org\/reexin\/#website\"},\"datePublished\":\"2022-12-12T11:55:40+00:00\",\"dateModified\":\"2022-12-12T11:56:19+00:00\",\"description\":\"La Gu\u00eda Pr\u00e1ctica para la Aplicaci\u00f3n de la Econom\u00eda Circular en el sector tur\u00edstico en Espa\u00f1a hace un repaso por los beneficios para el sector.\",\"breadcrumb\":{\"@id\":\"https:\/\/old.smartislandcluster.org\/reexin\/recurso\/guia-practica-para-la-aplicacion-de-la-economia-circular-en-el-sector-turistico-en-espana\/#breadcrumb\"},\"inLanguage\":\"es\",\"potentialAction\":[{\"@type\":\"ReadAction\",\"target\":[\"https:\/\/old.smartislandcluster.org\/reexin\/recurso\/guia-practica-para-la-aplicacion-de-la-economia-circular-en-el-sector-turistico-en-espana\/\"]}]},{\"@type\":\"BreadcrumbList\",\"@id\":\"https:\/\/old.smartislandcluster.org\/reexin\/recurso\/guia-practica-para-la-aplicacion-de-la-economia-circular-en-el-sector-turistico-en-espana\/#breadcrumb\",\"itemListElement\":[{\"@type\":\"ListItem\",\"position\":1,\"name\":\"Portada\",\"item\":\"https:\/\/old.smartislandcluster.org\/reexin\/\"},{\"@type\":\"ListItem\",\"position\":2,\"name\":\"Gu\u00eda pr\u00e1ctica para la aplicaci\u00f3n de la econom\u00eda circular en el sector tur\u00edstico en Espa\u00f1a\"}]},{\"@type\":\"WebSite\",\"@id\":\"https:\/\/old.smartislandcluster.org\/reexin\/#website\",\"url\":\"https:\/\/old.smartislandcluster.org\/reexin\/\",\"name\":\"REEXIN\",\"description\":\"Portal de referencia de Recursos de Expansi\u00f3n Internacional\",\"potentialAction\":[{\"@type\":\"SearchAction\",\"target\":{\"@type\":\"EntryPoint\",\"urlTemplate\":\"https:\/\/old.smartislandcluster.org\/reexin\/?s={search_term_string}\"},\"query-input\":\"required name=search_term_string\"}],\"inLanguage\":\"es\"}]}<\/script>\n<!-- \/ Yoast SEO plugin. -->","yoast_head_json":{"title":"Gu\u00eda pr\u00e1ctica para la aplicaci\u00f3n de la econom\u00eda circular en el sector tur\u00edstico en Espa\u00f1a &gt; REEXIN","description":"La Gu\u00eda Pr\u00e1ctica para la Aplicaci\u00f3n de la Econom\u00eda Circular en el sector tur\u00edstico en Espa\u00f1a hace un repaso por los beneficios para el sector.","robots":{"index":"index","follow":"follow","max-snippet":"max-snippet:-1","max-image-preview":"max-image-preview:large","max-video-preview":"max-video-preview:-1"},"canonical":"https:\/\/old.smartislandcluster.org\/reexin\/recurso\/guia-practica-para-la-aplicacion-de-la-economia-circular-en-el-sector-turistico-en-espana\/","og_locale":"es_ES","og_type":"article","og_title":"Gu\u00eda pr\u00e1ctica para la aplicaci\u00f3n de la econom\u00eda circular en el sector tur\u00edstico en Espa\u00f1a &gt; REEXIN","og_description":"La Gu\u00eda Pr\u00e1ctica para la Aplicaci\u00f3n de la Econom\u00eda Circular en el sector tur\u00edstico en Espa\u00f1a hace un repaso por los beneficios para el sector.","og_url":"https:\/\/old.smartislandcluster.org\/reexin\/recurso\/guia-practica-para-la-aplicacion-de-la-economia-circular-en-el-sector-turistico-en-espana\/","og_site_name":"REEXIN","article_modified_time":"2022-12-12T11:56:19+00:00","twitter_card":"summary_large_image","schema":{"@context":"https:\/\/schema.org","@graph":[{"@type":"WebPage","@id":"https:\/\/old.smartislandcluster.org\/reexin\/recurso\/guia-practica-para-la-aplicacion-de-la-economia-circular-en-el-sector-turistico-en-espana\/","url":"https:\/\/old.smartislandcluster.org\/reexin\/recurso\/guia-practica-para-la-aplicacion-de-la-economia-circular-en-el-sector-turistico-en-espana\/","name":"Gu\u00eda pr\u00e1ctica para la aplicaci\u00f3n de la econom\u00eda circular en el sector tur\u00edstico en Espa\u00f1a &gt; REEXIN","isPartOf":{"@id":"https:\/\/old.smartislandcluster.org\/reexin\/#website"},"datePublished":"2022-12-12T11:55:40+00:00","dateModified":"2022-12-12T11:56:19+00:00","description":"La Gu\u00eda Pr\u00e1ctica para la Aplicaci\u00f3n de la Econom\u00eda Circular en el sector tur\u00edstico en Espa\u00f1a hace un repaso por los beneficios para el sector.","breadcrumb":{"@id":"https:\/\/old.smartislandcluster.org\/reexin\/recurso\/guia-practica-para-la-aplicacion-de-la-economia-circular-en-el-sector-turistico-en-espana\/#breadcrumb"},"inLanguage":"es","potentialAction":[{"@type":"ReadAction","target":["https:\/\/old.smartislandcluster.org\/reexin\/recurso\/guia-practica-para-la-aplicacion-de-la-economia-circular-en-el-sector-turistico-en-espana\/"]}]},{"@type":"BreadcrumbList","@id":"https:\/\/old.smartislandcluster.org\/reexin\/recurso\/guia-practica-para-la-aplicacion-de-la-economia-circular-en-el-sector-turistico-en-espana\/#breadcrumb","itemListElement":[{"@type":"ListItem","position":1,"name":"Portada","item":"https:\/\/old.smartislandcluster.org\/reexin\/"},{"@type":"ListItem","position":2,"name":"Gu\u00eda pr\u00e1ctica para la aplicaci\u00f3n de la econom\u00eda circular en el sector tur\u00edstico en Espa\u00f1a"}]},{"@type":"WebSite","@id":"https:\/\/old.smartislandcluster.org\/reexin\/#website","url":"https:\/\/old.smartislandcluster.org\/reexin\/","name":"REEXIN","description":"Portal de referencia de Recursos de Expansi\u00f3n Internacional","potentialAction":[{"@type":"SearchAction","target":{"@type":"EntryPoint","urlTemplate":"https:\/\/old.smartislandcluster.org\/reexin\/?s={search_term_string}"},"query-input":"required name=search_term_string"}],"inLanguage":"es"}]}},"_links":{"self":[{"href":"https:\/\/old.smartislandcluster.org\/reexin\/wp-json\/wp\/v2\/product\/652","targetHints":{"allow":["GET"]}}],"collection":[{"href":"https:\/\/old.smartislandcluster.org\/reexin\/wp-json\/wp\/v2\/product"}],"about":[{"href":"https:\/\/old.smartislandcluster.org\/reexin\/wp-json\/wp\/v2\/types\/product"}],"wp:attachment":[{"href":"https:\/\/old.smartislandcluster.org\/reexin\/wp-json\/wp\/v2\/media?parent=652"}],"wp:term":[{"taxonomy":"product_cat","embeddable":true,"href":"https:\/\/old.smartislandcluster.org\/reexin\/wp-json\/wp\/v2\/product_cat?post=652"},{"taxonomy":"product_tag","embeddable":true,"href":"https:\/\/old.smartislandcluster.org\/reexin\/wp-json\/wp\/v2\/product_tag?post=652"}],"curies":[{"name":"wp","href":"https:\/\/api.w.org\/{rel}","templated":true}]}}