{"id":618,"date":"2022-12-12T12:44:11","date_gmt":"2022-12-12T12:44:11","guid":{"rendered":"https:\/\/old.smartislandcluster.org\/reexin\/?post_type=product&#038;p=618"},"modified":"2022-12-12T12:46:55","modified_gmt":"2022-12-12T12:46:55","slug":"catalogo-de-empresas-canarias-internacionales","status":"publish","type":"product","link":"https:\/\/old.smartislandcluster.org\/reexin\/recurso\/catalogo-de-empresas-canarias-internacionales\/","title":{"rendered":"Cat\u00e1logo de Empresas Canarias Internacionales"},"content":{"rendered":"","protected":false},"excerpt":{"rendered":"<p>PROEXCA presenta el Cat\u00e1logo de Empresas Canarias Internacionales. Con el objetivo de apoyar la internacionalizaci\u00f3n de las empresas canarias, este portal se presenta como un instrumento digital din\u00e1mico y actualizado, dando visibilidad a las empresas del tejido empresarial canario que realice negocios en el exterior.<\/p>\n","protected":false},"featured_media":0,"template":"","meta":{"_genesis_hide_title":false,"_genesis_hide_breadcrumbs":false,"_genesis_hide_singular_image":false,"_genesis_hide_footer_widgets":false,"_genesis_custom_body_class":"","_genesis_custom_post_class":"","_genesis_layout":""},"product_cat":[70],"product_tag":[],"class_list":{"0":"post-618","1":"product","2":"type-product","3":"status-publish","5":"product_cat-directorios","6":"entry"},"featured_image_urls":{"full":"","thumbnail":"","medium":"","medium_large":"","large":"","1536x1536":"","2048x2048":"","featured-page":"","woocommerce_thumbnail":"","woocommerce_single":"","woocommerce_gallery_thumbnail":""},"post_excerpt_stackable":"<p>PROEXCA presenta el Cat\u00e1logo de Empresas Canarias Internacionales. Con el objetivo de apoyar la internacionalizaci\u00f3n de las empresas canarias, este portal se presenta como un instrumento digital din\u00e1mico y actualizado, dando visibilidad a las empresas del tejido empresarial canario que realice negocios en el exterior.<\/p>\n","category_list":"","author_info":{"name":"","url":""},"comments_num":"0 comentarios","featured_image_urls_v2":{"full":"","thumbnail":"","medium":"","medium_large":"","large":"","1536x1536":"","2048x2048":"","featured-page":"","woocommerce_thumbnail":"","woocommerce_single":"","woocommerce_gallery_thumbnail":""},"post_excerpt_stackable_v2":"<p>PROEXCA presenta el Cat\u00e1logo de Empresas Canarias Internacionales. Con el objetivo de apoyar la internacionalizaci\u00f3n de las empresas canarias, este portal se presenta como un instrumento digital din\u00e1mico y actualizado, dando visibilidad a las empresas del tejido empresarial canario que realice negocios en el exterior.<\/p>\n","category_list_v2":"","author_info_v2":{"name":"","url":""},"comments_num_v2":"0 comentarios","yoast_head":"<!-- This site is optimized with the Yoast SEO plugin v19.11 - https:\/\/yoast.com\/wordpress\/plugins\/seo\/ -->\n<title>Cat\u00e1logo de Empresas Canarias Internacionales &gt; REEXIN<\/title>\n<meta name=\"description\" content=\"El Cat\u00e1logo de Empresas Canarias Internacionales ofrece visibilidad a las organizaciones canarias que realizan negocios en el exterior.\" \/>\n<meta name=\"robots\" content=\"index, follow, max-snippet:-1, max-image-preview:large, max-video-preview:-1\" \/>\n<link rel=\"canonical\" href=\"https:\/\/old.smartislandcluster.org\/reexin\/recurso\/catalogo-de-empresas-canarias-internacionales\/\" \/>\n<meta property=\"og:locale\" content=\"es_ES\" \/>\n<meta property=\"og:type\" content=\"article\" \/>\n<meta property=\"og:title\" content=\"Cat\u00e1logo de Empresas Canarias Internacionales &gt; REEXIN\" \/>\n<meta property=\"og:description\" content=\"El Cat\u00e1logo de Empresas Canarias Internacionales ofrece visibilidad a las organizaciones canarias que realizan negocios en el exterior.\" \/>\n<meta property=\"og:url\" content=\"https:\/\/old.smartislandcluster.org\/reexin\/recurso\/catalogo-de-empresas-canarias-internacionales\/\" \/>\n<meta property=\"og:site_name\" content=\"REEXIN\" \/>\n<meta property=\"article:modified_time\" content=\"2022-12-12T12:46:55+00:00\" \/>\n<meta name=\"twitter:card\" content=\"summary_large_image\" \/>\n<script type=\"application\/ld+json\" class=\"yoast-schema-graph\">{\"@context\":\"https:\/\/schema.org\",\"@graph\":[{\"@type\":\"WebPage\",\"@id\":\"https:\/\/old.smartislandcluster.org\/reexin\/recurso\/catalogo-de-empresas-canarias-internacionales\/\",\"url\":\"https:\/\/old.smartislandcluster.org\/reexin\/recurso\/catalogo-de-empresas-canarias-internacionales\/\",\"name\":\"Cat\u00e1logo de Empresas Canarias Internacionales &gt; REEXIN\",\"isPartOf\":{\"@id\":\"https:\/\/old.smartislandcluster.org\/reexin\/#website\"},\"datePublished\":\"2022-12-12T12:44:11+00:00\",\"dateModified\":\"2022-12-12T12:46:55+00:00\",\"description\":\"El Cat\u00e1logo de Empresas Canarias Internacionales ofrece visibilidad a las organizaciones canarias que realizan negocios en el exterior.\",\"breadcrumb\":{\"@id\":\"https:\/\/old.smartislandcluster.org\/reexin\/recurso\/catalogo-de-empresas-canarias-internacionales\/#breadcrumb\"},\"inLanguage\":\"es\",\"potentialAction\":[{\"@type\":\"ReadAction\",\"target\":[\"https:\/\/old.smartislandcluster.org\/reexin\/recurso\/catalogo-de-empresas-canarias-internacionales\/\"]}]},{\"@type\":\"BreadcrumbList\",\"@id\":\"https:\/\/old.smartislandcluster.org\/reexin\/recurso\/catalogo-de-empresas-canarias-internacionales\/#breadcrumb\",\"itemListElement\":[{\"@type\":\"ListItem\",\"position\":1,\"name\":\"Portada\",\"item\":\"https:\/\/old.smartislandcluster.org\/reexin\/\"},{\"@type\":\"ListItem\",\"position\":2,\"name\":\"Cat\u00e1logo de Empresas Canarias Internacionales\"}]},{\"@type\":\"WebSite\",\"@id\":\"https:\/\/old.smartislandcluster.org\/reexin\/#website\",\"url\":\"https:\/\/old.smartislandcluster.org\/reexin\/\",\"name\":\"REEXIN\",\"description\":\"Portal de referencia de Recursos de Expansi\u00f3n Internacional\",\"potentialAction\":[{\"@type\":\"SearchAction\",\"target\":{\"@type\":\"EntryPoint\",\"urlTemplate\":\"https:\/\/old.smartislandcluster.org\/reexin\/?s={search_term_string}\"},\"query-input\":\"required name=search_term_string\"}],\"inLanguage\":\"es\"}]}<\/script>\n<!-- \/ Yoast SEO plugin. -->","yoast_head_json":{"title":"Cat\u00e1logo de Empresas Canarias Internacionales &gt; REEXIN","description":"El Cat\u00e1logo de Empresas Canarias Internacionales ofrece visibilidad a las organizaciones canarias que realizan negocios en el exterior.","robots":{"index":"index","follow":"follow","max-snippet":"max-snippet:-1","max-image-preview":"max-image-preview:large","max-video-preview":"max-video-preview:-1"},"canonical":"https:\/\/old.smartislandcluster.org\/reexin\/recurso\/catalogo-de-empresas-canarias-internacionales\/","og_locale":"es_ES","og_type":"article","og_title":"Cat\u00e1logo de Empresas Canarias Internacionales &gt; REEXIN","og_description":"El Cat\u00e1logo de Empresas Canarias Internacionales ofrece visibilidad a las organizaciones canarias que realizan negocios en el exterior.","og_url":"https:\/\/old.smartislandcluster.org\/reexin\/recurso\/catalogo-de-empresas-canarias-internacionales\/","og_site_name":"REEXIN","article_modified_time":"2022-12-12T12:46:55+00:00","twitter_card":"summary_large_image","schema":{"@context":"https:\/\/schema.org","@graph":[{"@type":"WebPage","@id":"https:\/\/old.smartislandcluster.org\/reexin\/recurso\/catalogo-de-empresas-canarias-internacionales\/","url":"https:\/\/old.smartislandcluster.org\/reexin\/recurso\/catalogo-de-empresas-canarias-internacionales\/","name":"Cat\u00e1logo de Empresas Canarias Internacionales &gt; REEXIN","isPartOf":{"@id":"https:\/\/old.smartislandcluster.org\/reexin\/#website"},"datePublished":"2022-12-12T12:44:11+00:00","dateModified":"2022-12-12T12:46:55+00:00","description":"El Cat\u00e1logo de Empresas Canarias Internacionales ofrece visibilidad a las organizaciones canarias que realizan negocios en el exterior.","breadcrumb":{"@id":"https:\/\/old.smartislandcluster.org\/reexin\/recurso\/catalogo-de-empresas-canarias-internacionales\/#breadcrumb"},"inLanguage":"es","potentialAction":[{"@type":"ReadAction","target":["https:\/\/old.smartislandcluster.org\/reexin\/recurso\/catalogo-de-empresas-canarias-internacionales\/"]}]},{"@type":"BreadcrumbList","@id":"https:\/\/old.smartislandcluster.org\/reexin\/recurso\/catalogo-de-empresas-canarias-internacionales\/#breadcrumb","itemListElement":[{"@type":"ListItem","position":1,"name":"Portada","item":"https:\/\/old.smartislandcluster.org\/reexin\/"},{"@type":"ListItem","position":2,"name":"Cat\u00e1logo de Empresas Canarias Internacionales"}]},{"@type":"WebSite","@id":"https:\/\/old.smartislandcluster.org\/reexin\/#website","url":"https:\/\/old.smartislandcluster.org\/reexin\/","name":"REEXIN","description":"Portal de referencia de Recursos de Expansi\u00f3n Internacional","potentialAction":[{"@type":"SearchAction","target":{"@type":"EntryPoint","urlTemplate":"https:\/\/old.smartislandcluster.org\/reexin\/?s={search_term_string}"},"query-input":"required name=search_term_string"}],"inLanguage":"es"}]}},"_links":{"self":[{"href":"https:\/\/old.smartislandcluster.org\/reexin\/wp-json\/wp\/v2\/product\/618","targetHints":{"allow":["GET"]}}],"collection":[{"href":"https:\/\/old.smartislandcluster.org\/reexin\/wp-json\/wp\/v2\/product"}],"about":[{"href":"https:\/\/old.smartislandcluster.org\/reexin\/wp-json\/wp\/v2\/types\/product"}],"wp:attachment":[{"href":"https:\/\/old.smartislandcluster.org\/reexin\/wp-json\/wp\/v2\/media?parent=618"}],"wp:term":[{"taxonomy":"product_cat","embeddable":true,"href":"https:\/\/old.smartislandcluster.org\/reexin\/wp-json\/wp\/v2\/product_cat?post=618"},{"taxonomy":"product_tag","embeddable":true,"href":"https:\/\/old.smartislandcluster.org\/reexin\/wp-json\/wp\/v2\/product_tag?post=618"}],"curies":[{"name":"wp","href":"https:\/\/api.w.org\/{rel}","templated":true}]}}