{"id":615,"date":"2021-11-30T19:18:37","date_gmt":"2021-11-30T19:18:37","guid":{"rendered":"https:\/\/old.smartislandcluster.org\/reexin\/?post_type=product&#038;p=615"},"modified":"2021-11-30T19:18:38","modified_gmt":"2021-11-30T19:18:38","slug":"ampliar-la-financiacion-para-los-objetivos-de-desarrollo-sostenible","status":"publish","type":"product","link":"https:\/\/old.smartislandcluster.org\/reexin\/recurso\/ampliar-la-financiacion-para-los-objetivos-de-desarrollo-sostenible\/","title":{"rendered":"Ampliar la financiaci\u00f3n para los Objetivos de Desarrollo Sostenible"},"content":{"rendered":"","protected":false},"excerpt":{"rendered":"<p>En esta gu\u00eda se examina el papel de la financiaci\u00f3n y las inversiones de las empresas en la ampliaci\u00f3n de la financiaci\u00f3n para los ODS (Objetivos de Desarrollo Sostenible). En concreto, se abordan las posibilidades de la innovaci\u00f3n financiera para inversiones en los ODS que no se ajustan a los criterios normalmente requeridos para la financiaci\u00f3n directa por parte de inversores de cartera o institucionales.<\/p>\n","protected":false},"featured_media":0,"template":"","meta":{"_genesis_hide_title":false,"_genesis_hide_breadcrumbs":false,"_genesis_hide_singular_image":false,"_genesis_hide_footer_widgets":false,"_genesis_custom_body_class":"","_genesis_custom_post_class":"","_genesis_layout":""},"product_cat":[31],"product_tag":[],"class_list":{"0":"post-615","1":"product","2":"type-product","3":"status-publish","5":"product_cat-guias","6":"entry"},"featured_image_urls":{"full":"","thumbnail":"","medium":"","medium_large":"","large":"","1536x1536":"","2048x2048":"","featured-page":"","woocommerce_thumbnail":"","woocommerce_single":"","woocommerce_gallery_thumbnail":""},"post_excerpt_stackable":"<p>En esta gu\u00eda se examina el papel de la financiaci\u00f3n y las inversiones de las empresas en la ampliaci\u00f3n de la financiaci\u00f3n para los ODS (Objetivos de Desarrollo Sostenible). En concreto, se abordan las posibilidades de la innovaci\u00f3n financiera para inversiones en los ODS que no se ajustan a los criterios normalmente requeridos para la financiaci\u00f3n directa por parte de inversores de cartera o institucionales.<\/p>\n","category_list":"","author_info":{"name":"","url":""},"comments_num":"0 comentarios","featured_image_urls_v2":{"full":"","thumbnail":"","medium":"","medium_large":"","large":"","1536x1536":"","2048x2048":"","featured-page":"","woocommerce_thumbnail":"","woocommerce_single":"","woocommerce_gallery_thumbnail":""},"post_excerpt_stackable_v2":"<p>En esta gu\u00eda se examina el papel de la financiaci\u00f3n y las inversiones de las empresas en la ampliaci\u00f3n de la financiaci\u00f3n para los ODS (Objetivos de Desarrollo Sostenible). En concreto, se abordan las posibilidades de la innovaci\u00f3n financiera para inversiones en los ODS que no se ajustan a los criterios normalmente requeridos para la financiaci\u00f3n directa por parte de inversores de cartera o institucionales.<\/p>\n","category_list_v2":"","author_info_v2":{"name":"","url":""},"comments_num_v2":"0 comentarios","yoast_head":"<!-- This site is optimized with the Yoast SEO plugin v19.11 - https:\/\/yoast.com\/wordpress\/plugins\/seo\/ -->\n<title>Ampliar la financiaci\u00f3n para los Objetivos de Desarrollo Sostenible &gt; REEXIN<\/title>\n<meta name=\"robots\" content=\"index, follow, max-snippet:-1, max-image-preview:large, max-video-preview:-1\" \/>\n<link rel=\"canonical\" href=\"https:\/\/old.smartislandcluster.org\/reexin\/recurso\/ampliar-la-financiacion-para-los-objetivos-de-desarrollo-sostenible\/\" \/>\n<meta property=\"og:locale\" content=\"es_ES\" \/>\n<meta property=\"og:type\" content=\"article\" \/>\n<meta property=\"og:title\" content=\"Ampliar la financiaci\u00f3n para los Objetivos de Desarrollo Sostenible &gt; REEXIN\" \/>\n<meta property=\"og:description\" content=\"En esta gu\u00eda se examina el papel de la financiaci\u00f3n y las inversiones de las empresas en la ampliaci\u00f3n de la financiaci\u00f3n para los ODS (Objetivos de Desarrollo Sostenible). En concreto, se abordan las posibilidades de la innovaci\u00f3n financiera para inversiones en los ODS que no se ajustan a los criterios normalmente requeridos para la financiaci\u00f3n directa por parte de inversores de cartera o institucionales.\" \/>\n<meta property=\"og:url\" content=\"https:\/\/old.smartislandcluster.org\/reexin\/recurso\/ampliar-la-financiacion-para-los-objetivos-de-desarrollo-sostenible\/\" \/>\n<meta property=\"og:site_name\" content=\"REEXIN\" \/>\n<meta property=\"article:modified_time\" content=\"2021-11-30T19:18:38+00:00\" \/>\n<meta name=\"twitter:card\" content=\"summary_large_image\" \/>\n<script type=\"application\/ld+json\" class=\"yoast-schema-graph\">{\"@context\":\"https:\/\/schema.org\",\"@graph\":[{\"@type\":\"WebPage\",\"@id\":\"https:\/\/old.smartislandcluster.org\/reexin\/recurso\/ampliar-la-financiacion-para-los-objetivos-de-desarrollo-sostenible\/\",\"url\":\"https:\/\/old.smartislandcluster.org\/reexin\/recurso\/ampliar-la-financiacion-para-los-objetivos-de-desarrollo-sostenible\/\",\"name\":\"Ampliar la financiaci\u00f3n para los Objetivos de Desarrollo Sostenible &gt; REEXIN\",\"isPartOf\":{\"@id\":\"https:\/\/old.smartislandcluster.org\/reexin\/#website\"},\"datePublished\":\"2021-11-30T19:18:37+00:00\",\"dateModified\":\"2021-11-30T19:18:38+00:00\",\"breadcrumb\":{\"@id\":\"https:\/\/old.smartislandcluster.org\/reexin\/recurso\/ampliar-la-financiacion-para-los-objetivos-de-desarrollo-sostenible\/#breadcrumb\"},\"inLanguage\":\"es\",\"potentialAction\":[{\"@type\":\"ReadAction\",\"target\":[\"https:\/\/old.smartislandcluster.org\/reexin\/recurso\/ampliar-la-financiacion-para-los-objetivos-de-desarrollo-sostenible\/\"]}]},{\"@type\":\"BreadcrumbList\",\"@id\":\"https:\/\/old.smartislandcluster.org\/reexin\/recurso\/ampliar-la-financiacion-para-los-objetivos-de-desarrollo-sostenible\/#breadcrumb\",\"itemListElement\":[{\"@type\":\"ListItem\",\"position\":1,\"name\":\"Portada\",\"item\":\"https:\/\/old.smartislandcluster.org\/reexin\/\"},{\"@type\":\"ListItem\",\"position\":2,\"name\":\"Ampliar la financiaci\u00f3n para los Objetivos de Desarrollo Sostenible\"}]},{\"@type\":\"WebSite\",\"@id\":\"https:\/\/old.smartislandcluster.org\/reexin\/#website\",\"url\":\"https:\/\/old.smartislandcluster.org\/reexin\/\",\"name\":\"REEXIN\",\"description\":\"Portal de referencia de Recursos de Expansi\u00f3n Internacional\",\"potentialAction\":[{\"@type\":\"SearchAction\",\"target\":{\"@type\":\"EntryPoint\",\"urlTemplate\":\"https:\/\/old.smartislandcluster.org\/reexin\/?s={search_term_string}\"},\"query-input\":\"required name=search_term_string\"}],\"inLanguage\":\"es\"}]}<\/script>\n<!-- \/ Yoast SEO plugin. -->","yoast_head_json":{"title":"Ampliar la financiaci\u00f3n para los Objetivos de Desarrollo Sostenible &gt; REEXIN","robots":{"index":"index","follow":"follow","max-snippet":"max-snippet:-1","max-image-preview":"max-image-preview:large","max-video-preview":"max-video-preview:-1"},"canonical":"https:\/\/old.smartislandcluster.org\/reexin\/recurso\/ampliar-la-financiacion-para-los-objetivos-de-desarrollo-sostenible\/","og_locale":"es_ES","og_type":"article","og_title":"Ampliar la financiaci\u00f3n para los Objetivos de Desarrollo Sostenible &gt; REEXIN","og_description":"En esta gu\u00eda se examina el papel de la financiaci\u00f3n y las inversiones de las empresas en la ampliaci\u00f3n de la financiaci\u00f3n para los ODS (Objetivos de Desarrollo Sostenible). En concreto, se abordan las posibilidades de la innovaci\u00f3n financiera para inversiones en los ODS que no se ajustan a los criterios normalmente requeridos para la financiaci\u00f3n directa por parte de inversores de cartera o institucionales.","og_url":"https:\/\/old.smartislandcluster.org\/reexin\/recurso\/ampliar-la-financiacion-para-los-objetivos-de-desarrollo-sostenible\/","og_site_name":"REEXIN","article_modified_time":"2021-11-30T19:18:38+00:00","twitter_card":"summary_large_image","schema":{"@context":"https:\/\/schema.org","@graph":[{"@type":"WebPage","@id":"https:\/\/old.smartislandcluster.org\/reexin\/recurso\/ampliar-la-financiacion-para-los-objetivos-de-desarrollo-sostenible\/","url":"https:\/\/old.smartislandcluster.org\/reexin\/recurso\/ampliar-la-financiacion-para-los-objetivos-de-desarrollo-sostenible\/","name":"Ampliar la financiaci\u00f3n para los Objetivos de Desarrollo Sostenible &gt; REEXIN","isPartOf":{"@id":"https:\/\/old.smartislandcluster.org\/reexin\/#website"},"datePublished":"2021-11-30T19:18:37+00:00","dateModified":"2021-11-30T19:18:38+00:00","breadcrumb":{"@id":"https:\/\/old.smartislandcluster.org\/reexin\/recurso\/ampliar-la-financiacion-para-los-objetivos-de-desarrollo-sostenible\/#breadcrumb"},"inLanguage":"es","potentialAction":[{"@type":"ReadAction","target":["https:\/\/old.smartislandcluster.org\/reexin\/recurso\/ampliar-la-financiacion-para-los-objetivos-de-desarrollo-sostenible\/"]}]},{"@type":"BreadcrumbList","@id":"https:\/\/old.smartislandcluster.org\/reexin\/recurso\/ampliar-la-financiacion-para-los-objetivos-de-desarrollo-sostenible\/#breadcrumb","itemListElement":[{"@type":"ListItem","position":1,"name":"Portada","item":"https:\/\/old.smartislandcluster.org\/reexin\/"},{"@type":"ListItem","position":2,"name":"Ampliar la financiaci\u00f3n para los Objetivos de Desarrollo Sostenible"}]},{"@type":"WebSite","@id":"https:\/\/old.smartislandcluster.org\/reexin\/#website","url":"https:\/\/old.smartislandcluster.org\/reexin\/","name":"REEXIN","description":"Portal de referencia de Recursos de Expansi\u00f3n Internacional","potentialAction":[{"@type":"SearchAction","target":{"@type":"EntryPoint","urlTemplate":"https:\/\/old.smartislandcluster.org\/reexin\/?s={search_term_string}"},"query-input":"required name=search_term_string"}],"inLanguage":"es"}]}},"_links":{"self":[{"href":"https:\/\/old.smartislandcluster.org\/reexin\/wp-json\/wp\/v2\/product\/615","targetHints":{"allow":["GET"]}}],"collection":[{"href":"https:\/\/old.smartislandcluster.org\/reexin\/wp-json\/wp\/v2\/product"}],"about":[{"href":"https:\/\/old.smartislandcluster.org\/reexin\/wp-json\/wp\/v2\/types\/product"}],"wp:attachment":[{"href":"https:\/\/old.smartislandcluster.org\/reexin\/wp-json\/wp\/v2\/media?parent=615"}],"wp:term":[{"taxonomy":"product_cat","embeddable":true,"href":"https:\/\/old.smartislandcluster.org\/reexin\/wp-json\/wp\/v2\/product_cat?post=615"},{"taxonomy":"product_tag","embeddable":true,"href":"https:\/\/old.smartislandcluster.org\/reexin\/wp-json\/wp\/v2\/product_tag?post=615"}],"curies":[{"name":"wp","href":"https:\/\/api.w.org\/{rel}","templated":true}]}}