{"id":608,"date":"2021-11-30T19:02:00","date_gmt":"2021-11-30T19:02:00","guid":{"rendered":"https:\/\/old.smartislandcluster.org\/reexin\/?post_type=product&#038;p=608"},"modified":"2021-11-30T19:06:23","modified_gmt":"2021-11-30T19:06:23","slug":"soluciones-globales-cooperacion-internacional-banco-europeo-de-inversiones-informe-2021-sobre-el-desarrollo","status":"publish","type":"product","link":"https:\/\/old.smartislandcluster.org\/reexin\/recurso\/soluciones-globales-cooperacion-internacional-banco-europeo-de-inversiones-informe-2021-sobre-el-desarrollo\/","title":{"rendered":"Soluciones globales, cooperaci\u00f3n internacional. Banco Europeo de Inversiones informe 2021 sobre el desarrollo"},"content":{"rendered":"<p><span class=\"visible-description\">La crisis clim\u00e1tica, el desplazamiento masivo de personas y la dimensi\u00f3n internacional de la pandemia de COVID-19 nos recuerdan que no podemos enfrentarnos a estos retos en solitario: las soluciones deben ser mundiales. El Banco Europeo de Inversiones ocupa un lugar central en los esfuerzos de la UE para convertir las iniciativas pol\u00edticas europeas en soluciones reales de desarrollo sobre el<\/span><span class=\"show-more-description\">\u00a0terreno. Este informe presenta una panor\u00e1mica de nuestros proyectos e iniciativas vitales en todas las regiones del mundo que son prioritarias para la Uni\u00f3n Europea, datos y perspectivas sobre su impacto y, a trav\u00e9s de una serie de ensayos de expertos, ideas para mejorar nuestra contribuci\u00f3n a una arquitectura europea del desarrollo.<\/span><\/p>\n","protected":false},"excerpt":{"rendered":"<p><span class=\"visible-description\">La crisis clim\u00e1tica, el desplazamiento masivo de personas y la dimensi\u00f3n internacional de la pandemia de COVID-19 nos recuerdan que no podemos enfrentarnos a estos retos en solitario: las soluciones deben ser mundiales. El Banco Europeo de Inversiones ocupa un lugar central en los esfuerzos de la UE para convertir las iniciativas pol\u00edticas europeas en soluciones reales de desarrollo sobre el<\/span><span class=\"show-more-description\">\u00a0terreno. Este informe presenta una panor\u00e1mica de nuestros proyectos e iniciativas vitales en todas las regiones del mundo que son prioritarias para la Uni\u00f3n Europea, datos y perspectivas sobre su impacto y, a trav\u00e9s de una serie de ensayos de expertos, ideas para mejorar nuestra contribuci\u00f3n a una arquitectura europea del desarrollo.<br \/>\n<\/span><\/p>\n","protected":false},"featured_media":0,"template":"","meta":{"_genesis_hide_title":false,"_genesis_hide_breadcrumbs":false,"_genesis_hide_singular_image":false,"_genesis_hide_footer_widgets":false,"_genesis_custom_body_class":"","_genesis_custom_post_class":"","_genesis_layout":""},"product_cat":[56],"product_tag":[],"class_list":{"0":"post-608","1":"product","2":"type-product","3":"status-publish","5":"product_cat-publicaciones","6":"entry"},"featured_image_urls":{"full":"","thumbnail":"","medium":"","medium_large":"","large":"","1536x1536":"","2048x2048":"","featured-page":"","woocommerce_thumbnail":"","woocommerce_single":"","woocommerce_gallery_thumbnail":""},"post_excerpt_stackable":"<p><span class=\"visible-description\">La crisis clim\u00e1tica, el desplazamiento masivo de personas y la dimensi\u00f3n internacional de la pandemia de COVID-19 nos recuerdan que no podemos enfrentarnos a estos retos en solitario: las soluciones deben ser mundiales. El Banco Europeo de Inversiones ocupa un lugar central en los esfuerzos de la UE para convertir las iniciativas pol\u00edticas europeas en soluciones reales de desarrollo sobre el<\/span><span class=\"show-more-description\">\u00a0terreno. Este informe presenta una panor\u00e1mica de nuestros proyectos e iniciativas vitales en todas las regiones del mundo que son prioritarias para la Uni\u00f3n Europea, datos y perspectivas sobre su impacto y, a trav\u00e9s de una serie de ensayos de expertos, ideas para mejorar nuestra contribuci\u00f3n a una arquitectura europea del desarrollo.<br \/>\n<\/span><\/p>\n","category_list":"","author_info":{"name":"","url":""},"comments_num":"0 comentarios","featured_image_urls_v2":{"full":"","thumbnail":"","medium":"","medium_large":"","large":"","1536x1536":"","2048x2048":"","featured-page":"","woocommerce_thumbnail":"","woocommerce_single":"","woocommerce_gallery_thumbnail":""},"post_excerpt_stackable_v2":"<p><span class=\"visible-description\">La crisis clim\u00e1tica, el desplazamiento masivo de personas y la dimensi\u00f3n internacional de la pandemia de COVID-19 nos recuerdan que no podemos enfrentarnos a estos retos en solitario: las soluciones deben ser mundiales. El Banco Europeo de Inversiones ocupa un lugar central en los esfuerzos de la UE para convertir las iniciativas pol\u00edticas europeas en soluciones reales de desarrollo sobre el<\/span><span class=\"show-more-description\">\u00a0terreno. Este informe presenta una panor\u00e1mica de nuestros proyectos e iniciativas vitales en todas las regiones del mundo que son prioritarias para la Uni\u00f3n Europea, datos y perspectivas sobre su impacto y, a trav\u00e9s de una serie de ensayos de expertos, ideas para mejorar nuestra contribuci\u00f3n a una arquitectura europea del desarrollo.<br \/>\n<\/span><\/p>\n","category_list_v2":"","author_info_v2":{"name":"","url":""},"comments_num_v2":"0 comentarios","yoast_head":"<!-- This site is optimized with the Yoast SEO plugin v19.11 - https:\/\/yoast.com\/wordpress\/plugins\/seo\/ -->\n<title>Soluciones globales, cooperaci\u00f3n internacional. Banco Europeo de Inversiones informe 2021 sobre el desarrollo &gt; REEXIN<\/title>\n<meta name=\"robots\" content=\"index, follow, max-snippet:-1, max-image-preview:large, max-video-preview:-1\" \/>\n<link rel=\"canonical\" href=\"https:\/\/old.smartislandcluster.org\/reexin\/recurso\/soluciones-globales-cooperacion-internacional-banco-europeo-de-inversiones-informe-2021-sobre-el-desarrollo\/\" \/>\n<meta property=\"og:locale\" content=\"es_ES\" \/>\n<meta property=\"og:type\" content=\"article\" \/>\n<meta property=\"og:title\" content=\"Soluciones globales, cooperaci\u00f3n internacional. Banco Europeo de Inversiones informe 2021 sobre el desarrollo &gt; REEXIN\" \/>\n<meta property=\"og:description\" content=\"La crisis clim\u00e1tica, el desplazamiento masivo de personas y la dimensi\u00f3n internacional de la pandemia de COVID-19 nos recuerdan que no podemos enfrentarnos a estos retos en solitario: las soluciones deben ser mundiales. El Banco Europeo de Inversiones ocupa un lugar central en los esfuerzos de la UE para convertir las iniciativas pol\u00edticas europeas en soluciones reales de desarrollo sobre el\u00a0terreno. Este informe presenta una panor\u00e1mica de nuestros proyectos e iniciativas vitales en todas las regiones del mundo que son prioritarias para la Uni\u00f3n Europea, datos y perspectivas sobre su impacto y, a trav\u00e9s de una serie de ensayos de expertos, ideas para mejorar nuestra contribuci\u00f3n a una arquitectura europea del desarrollo.\" \/>\n<meta property=\"og:url\" content=\"https:\/\/old.smartislandcluster.org\/reexin\/recurso\/soluciones-globales-cooperacion-internacional-banco-europeo-de-inversiones-informe-2021-sobre-el-desarrollo\/\" \/>\n<meta property=\"og:site_name\" content=\"REEXIN\" \/>\n<meta property=\"article:modified_time\" content=\"2021-11-30T19:06:23+00:00\" \/>\n<meta name=\"twitter:card\" content=\"summary_large_image\" \/>\n<script type=\"application\/ld+json\" class=\"yoast-schema-graph\">{\"@context\":\"https:\/\/schema.org\",\"@graph\":[{\"@type\":\"WebPage\",\"@id\":\"https:\/\/old.smartislandcluster.org\/reexin\/recurso\/soluciones-globales-cooperacion-internacional-banco-europeo-de-inversiones-informe-2021-sobre-el-desarrollo\/\",\"url\":\"https:\/\/old.smartislandcluster.org\/reexin\/recurso\/soluciones-globales-cooperacion-internacional-banco-europeo-de-inversiones-informe-2021-sobre-el-desarrollo\/\",\"name\":\"Soluciones globales, cooperaci\u00f3n internacional. Banco Europeo de Inversiones informe 2021 sobre el desarrollo &gt; REEXIN\",\"isPartOf\":{\"@id\":\"https:\/\/old.smartislandcluster.org\/reexin\/#website\"},\"datePublished\":\"2021-11-30T19:02:00+00:00\",\"dateModified\":\"2021-11-30T19:06:23+00:00\",\"breadcrumb\":{\"@id\":\"https:\/\/old.smartislandcluster.org\/reexin\/recurso\/soluciones-globales-cooperacion-internacional-banco-europeo-de-inversiones-informe-2021-sobre-el-desarrollo\/#breadcrumb\"},\"inLanguage\":\"es\",\"potentialAction\":[{\"@type\":\"ReadAction\",\"target\":[\"https:\/\/old.smartislandcluster.org\/reexin\/recurso\/soluciones-globales-cooperacion-internacional-banco-europeo-de-inversiones-informe-2021-sobre-el-desarrollo\/\"]}]},{\"@type\":\"BreadcrumbList\",\"@id\":\"https:\/\/old.smartislandcluster.org\/reexin\/recurso\/soluciones-globales-cooperacion-internacional-banco-europeo-de-inversiones-informe-2021-sobre-el-desarrollo\/#breadcrumb\",\"itemListElement\":[{\"@type\":\"ListItem\",\"position\":1,\"name\":\"Portada\",\"item\":\"https:\/\/old.smartislandcluster.org\/reexin\/\"},{\"@type\":\"ListItem\",\"position\":2,\"name\":\"Soluciones globales, cooperaci\u00f3n internacional. Banco Europeo de Inversiones informe 2021 sobre el desarrollo\"}]},{\"@type\":\"WebSite\",\"@id\":\"https:\/\/old.smartislandcluster.org\/reexin\/#website\",\"url\":\"https:\/\/old.smartislandcluster.org\/reexin\/\",\"name\":\"REEXIN\",\"description\":\"Portal de referencia de Recursos de Expansi\u00f3n Internacional\",\"potentialAction\":[{\"@type\":\"SearchAction\",\"target\":{\"@type\":\"EntryPoint\",\"urlTemplate\":\"https:\/\/old.smartislandcluster.org\/reexin\/?s={search_term_string}\"},\"query-input\":\"required name=search_term_string\"}],\"inLanguage\":\"es\"}]}<\/script>\n<!-- \/ Yoast SEO plugin. -->","yoast_head_json":{"title":"Soluciones globales, cooperaci\u00f3n internacional. Banco Europeo de Inversiones informe 2021 sobre el desarrollo &gt; REEXIN","robots":{"index":"index","follow":"follow","max-snippet":"max-snippet:-1","max-image-preview":"max-image-preview:large","max-video-preview":"max-video-preview:-1"},"canonical":"https:\/\/old.smartislandcluster.org\/reexin\/recurso\/soluciones-globales-cooperacion-internacional-banco-europeo-de-inversiones-informe-2021-sobre-el-desarrollo\/","og_locale":"es_ES","og_type":"article","og_title":"Soluciones globales, cooperaci\u00f3n internacional. Banco Europeo de Inversiones informe 2021 sobre el desarrollo &gt; REEXIN","og_description":"La crisis clim\u00e1tica, el desplazamiento masivo de personas y la dimensi\u00f3n internacional de la pandemia de COVID-19 nos recuerdan que no podemos enfrentarnos a estos retos en solitario: las soluciones deben ser mundiales. El Banco Europeo de Inversiones ocupa un lugar central en los esfuerzos de la UE para convertir las iniciativas pol\u00edticas europeas en soluciones reales de desarrollo sobre el\u00a0terreno. Este informe presenta una panor\u00e1mica de nuestros proyectos e iniciativas vitales en todas las regiones del mundo que son prioritarias para la Uni\u00f3n Europea, datos y perspectivas sobre su impacto y, a trav\u00e9s de una serie de ensayos de expertos, ideas para mejorar nuestra contribuci\u00f3n a una arquitectura europea del desarrollo.","og_url":"https:\/\/old.smartislandcluster.org\/reexin\/recurso\/soluciones-globales-cooperacion-internacional-banco-europeo-de-inversiones-informe-2021-sobre-el-desarrollo\/","og_site_name":"REEXIN","article_modified_time":"2021-11-30T19:06:23+00:00","twitter_card":"summary_large_image","schema":{"@context":"https:\/\/schema.org","@graph":[{"@type":"WebPage","@id":"https:\/\/old.smartislandcluster.org\/reexin\/recurso\/soluciones-globales-cooperacion-internacional-banco-europeo-de-inversiones-informe-2021-sobre-el-desarrollo\/","url":"https:\/\/old.smartislandcluster.org\/reexin\/recurso\/soluciones-globales-cooperacion-internacional-banco-europeo-de-inversiones-informe-2021-sobre-el-desarrollo\/","name":"Soluciones globales, cooperaci\u00f3n internacional. Banco Europeo de Inversiones informe 2021 sobre el desarrollo &gt; REEXIN","isPartOf":{"@id":"https:\/\/old.smartislandcluster.org\/reexin\/#website"},"datePublished":"2021-11-30T19:02:00+00:00","dateModified":"2021-11-30T19:06:23+00:00","breadcrumb":{"@id":"https:\/\/old.smartislandcluster.org\/reexin\/recurso\/soluciones-globales-cooperacion-internacional-banco-europeo-de-inversiones-informe-2021-sobre-el-desarrollo\/#breadcrumb"},"inLanguage":"es","potentialAction":[{"@type":"ReadAction","target":["https:\/\/old.smartislandcluster.org\/reexin\/recurso\/soluciones-globales-cooperacion-internacional-banco-europeo-de-inversiones-informe-2021-sobre-el-desarrollo\/"]}]},{"@type":"BreadcrumbList","@id":"https:\/\/old.smartislandcluster.org\/reexin\/recurso\/soluciones-globales-cooperacion-internacional-banco-europeo-de-inversiones-informe-2021-sobre-el-desarrollo\/#breadcrumb","itemListElement":[{"@type":"ListItem","position":1,"name":"Portada","item":"https:\/\/old.smartislandcluster.org\/reexin\/"},{"@type":"ListItem","position":2,"name":"Soluciones globales, cooperaci\u00f3n internacional. Banco Europeo de Inversiones informe 2021 sobre el desarrollo"}]},{"@type":"WebSite","@id":"https:\/\/old.smartislandcluster.org\/reexin\/#website","url":"https:\/\/old.smartislandcluster.org\/reexin\/","name":"REEXIN","description":"Portal de referencia de Recursos de Expansi\u00f3n Internacional","potentialAction":[{"@type":"SearchAction","target":{"@type":"EntryPoint","urlTemplate":"https:\/\/old.smartislandcluster.org\/reexin\/?s={search_term_string}"},"query-input":"required name=search_term_string"}],"inLanguage":"es"}]}},"_links":{"self":[{"href":"https:\/\/old.smartislandcluster.org\/reexin\/wp-json\/wp\/v2\/product\/608","targetHints":{"allow":["GET"]}}],"collection":[{"href":"https:\/\/old.smartislandcluster.org\/reexin\/wp-json\/wp\/v2\/product"}],"about":[{"href":"https:\/\/old.smartislandcluster.org\/reexin\/wp-json\/wp\/v2\/types\/product"}],"wp:attachment":[{"href":"https:\/\/old.smartislandcluster.org\/reexin\/wp-json\/wp\/v2\/media?parent=608"}],"wp:term":[{"taxonomy":"product_cat","embeddable":true,"href":"https:\/\/old.smartislandcluster.org\/reexin\/wp-json\/wp\/v2\/product_cat?post=608"},{"taxonomy":"product_tag","embeddable":true,"href":"https:\/\/old.smartislandcluster.org\/reexin\/wp-json\/wp\/v2\/product_tag?post=608"}],"curies":[{"name":"wp","href":"https:\/\/api.w.org\/{rel}","templated":true}]}}