{"id":434,"date":"2021-07-23T10:05:54","date_gmt":"2021-07-23T10:05:54","guid":{"rendered":"https:\/\/old.smartislandcluster.org\/reexin\/?post_type=product&#038;p=434"},"modified":"2021-07-23T10:05:54","modified_gmt":"2021-07-23T10:05:54","slug":"manual-de-internacionalizacion","status":"publish","type":"product","link":"https:\/\/old.smartislandcluster.org\/reexin\/recurso\/manual-de-internacionalizacion\/","title":{"rendered":"Manual de Internacionalizaci\u00f3n"},"content":{"rendered":"<p>Esta obra surge de la percepci\u00f3n de que la internacionalizaci\u00f3n se ha convertido en un elemento fundamental para la empresa en el actual mundo globalizado. Esta segunda edici\u00f3n, refundida y actualizada, del Manual constituye un curso exhaustivo y riguroso sobre todos los aspectos que hay que considerar a la hora de iniciar, mantener o desarrollar un negocio internacional, en todas sus facetas. Est\u00e1 llamada a convertirse en una obra de referencia en la materia en todo el \u00e1mbito de habla hispana. Est\u00e1 dirigido a todos los estudiantes o profesionales del sector exterior (directivos, t\u00e9cnicos, consultores, emprendedores, etc.) que pretendan ampliar sus conocimientos de las materias relativas a la internacionalizaci\u00f3n de la empresa. Redactado por un amplio plantel de autores, pertenecientes en su mayor\u00eda al claustro de profesores del CECO, el Manual est\u00e1 estructurado en ocho cap\u00edtulos y presenta un enfoque eminentemente pr\u00e1ctico. A la presentaci\u00f3n did\u00e1ctica de la materia, introducida en cada cap\u00edtulo por una exposici\u00f3n de los correspondientes objetivos de aprendizaje, a\u00f1ade res\u00famenes y glosarios de t\u00e9rminos espec\u00edficos y, asimismo, casos pr\u00e1cticos resueltos<\/p>\n","protected":false},"excerpt":{"rendered":"<p>Esta obra surge de la percepci\u00f3n de que la internacionalizaci\u00f3n se ha convertido en un elemento fundamental para la empresa en el actual mundo globalizado. Esta segunda edici\u00f3n, refundida y actualizada, del Manual constituye un curso exhaustivo y riguroso sobre todos los aspectos que hay que considerar a la hora de iniciar, mantener o desarrollar [&hellip;]<\/p>\n","protected":false},"featured_media":0,"template":"","meta":{"_genesis_hide_title":false,"_genesis_hide_breadcrumbs":false,"_genesis_hide_singular_image":false,"_genesis_hide_footer_widgets":false,"_genesis_custom_body_class":"","_genesis_custom_post_class":"","_genesis_layout":""},"product_cat":[31],"product_tag":[],"class_list":{"0":"post-434","1":"product","2":"type-product","3":"status-publish","5":"product_cat-guias","6":"entry"},"featured_image_urls":{"full":"","thumbnail":"","medium":"","medium_large":"","large":"","1536x1536":"","2048x2048":"","featured-page":"","woocommerce_thumbnail":"","woocommerce_single":"","woocommerce_gallery_thumbnail":""},"post_excerpt_stackable":"<p>Esta obra surge de la percepci\u00f3n de que la internacionalizaci\u00f3n se ha convertido en un elemento fundamental para la empresa en el actual mundo globalizado. Esta segunda edici\u00f3n, refundida y actualizada, del Manual constituye un curso exhaustivo y riguroso sobre todos los aspectos que hay que considerar a la hora de iniciar, mantener o desarrollar un negocio internacional, en todas sus facetas. Est\u00e1 llamada a convertirse en una obra de referencia en la materia en todo el \u00e1mbito de habla hispana. Est\u00e1 dirigido a todos los estudiantes o profesionales del sector exterior (directivos, t\u00e9cnicos, consultores, emprendedores, etc.) que pretendan ampliar&hellip;<\/p>\n","category_list":"","author_info":{"name":"","url":""},"comments_num":"0 comentarios","featured_image_urls_v2":{"full":"","thumbnail":"","medium":"","medium_large":"","large":"","1536x1536":"","2048x2048":"","featured-page":"","woocommerce_thumbnail":"","woocommerce_single":"","woocommerce_gallery_thumbnail":""},"post_excerpt_stackable_v2":"<p>Esta obra surge de la percepci\u00f3n de que la internacionalizaci\u00f3n se ha convertido en un elemento fundamental para la empresa en el actual mundo globalizado. Esta segunda edici\u00f3n, refundida y actualizada, del Manual constituye un curso exhaustivo y riguroso sobre todos los aspectos que hay que considerar a la hora de iniciar, mantener o desarrollar un negocio internacional, en todas sus facetas. Est\u00e1 llamada a convertirse en una obra de referencia en la materia en todo el \u00e1mbito de habla hispana. Est\u00e1 dirigido a todos los estudiantes o profesionales del sector exterior (directivos, t\u00e9cnicos, consultores, emprendedores, etc.) que pretendan ampliar&hellip;<\/p>\n","category_list_v2":"","author_info_v2":{"name":"","url":""},"comments_num_v2":"0 comentarios","yoast_head":"<!-- This site is optimized with the Yoast SEO plugin v19.11 - https:\/\/yoast.com\/wordpress\/plugins\/seo\/ -->\n<title>Manual de Internacionalizaci\u00f3n &gt; REEXIN<\/title>\n<meta name=\"robots\" content=\"index, follow, max-snippet:-1, max-image-preview:large, max-video-preview:-1\" \/>\n<link rel=\"canonical\" href=\"https:\/\/old.smartislandcluster.org\/reexin\/recurso\/manual-de-internacionalizacion\/\" \/>\n<meta property=\"og:locale\" content=\"es_ES\" \/>\n<meta property=\"og:type\" content=\"article\" \/>\n<meta property=\"og:title\" content=\"Manual de Internacionalizaci\u00f3n &gt; REEXIN\" \/>\n<meta property=\"og:description\" content=\"Esta obra surge de la percepci\u00f3n de que la internacionalizaci\u00f3n se ha convertido en un elemento fundamental para la empresa en el actual mundo globalizado. Esta segunda edici\u00f3n, refundida y actualizada, del Manual constituye un curso exhaustivo y riguroso sobre todos los aspectos que hay que considerar a la hora de iniciar, mantener o desarrollar [&hellip;]\" \/>\n<meta property=\"og:url\" content=\"https:\/\/old.smartislandcluster.org\/reexin\/recurso\/manual-de-internacionalizacion\/\" \/>\n<meta property=\"og:site_name\" content=\"REEXIN\" \/>\n<meta name=\"twitter:card\" content=\"summary_large_image\" \/>\n<script type=\"application\/ld+json\" class=\"yoast-schema-graph\">{\"@context\":\"https:\/\/schema.org\",\"@graph\":[{\"@type\":\"WebPage\",\"@id\":\"https:\/\/old.smartislandcluster.org\/reexin\/recurso\/manual-de-internacionalizacion\/\",\"url\":\"https:\/\/old.smartislandcluster.org\/reexin\/recurso\/manual-de-internacionalizacion\/\",\"name\":\"Manual de Internacionalizaci\u00f3n &gt; REEXIN\",\"isPartOf\":{\"@id\":\"https:\/\/old.smartislandcluster.org\/reexin\/#website\"},\"datePublished\":\"2021-07-23T10:05:54+00:00\",\"dateModified\":\"2021-07-23T10:05:54+00:00\",\"breadcrumb\":{\"@id\":\"https:\/\/old.smartislandcluster.org\/reexin\/recurso\/manual-de-internacionalizacion\/#breadcrumb\"},\"inLanguage\":\"es\",\"potentialAction\":[{\"@type\":\"ReadAction\",\"target\":[\"https:\/\/old.smartislandcluster.org\/reexin\/recurso\/manual-de-internacionalizacion\/\"]}]},{\"@type\":\"BreadcrumbList\",\"@id\":\"https:\/\/old.smartislandcluster.org\/reexin\/recurso\/manual-de-internacionalizacion\/#breadcrumb\",\"itemListElement\":[{\"@type\":\"ListItem\",\"position\":1,\"name\":\"Portada\",\"item\":\"https:\/\/old.smartislandcluster.org\/reexin\/\"},{\"@type\":\"ListItem\",\"position\":2,\"name\":\"Manual de Internacionalizaci\u00f3n\"}]},{\"@type\":\"WebSite\",\"@id\":\"https:\/\/old.smartislandcluster.org\/reexin\/#website\",\"url\":\"https:\/\/old.smartislandcluster.org\/reexin\/\",\"name\":\"REEXIN\",\"description\":\"Portal de referencia de Recursos de Expansi\u00f3n Internacional\",\"potentialAction\":[{\"@type\":\"SearchAction\",\"target\":{\"@type\":\"EntryPoint\",\"urlTemplate\":\"https:\/\/old.smartislandcluster.org\/reexin\/?s={search_term_string}\"},\"query-input\":\"required name=search_term_string\"}],\"inLanguage\":\"es\"}]}<\/script>\n<!-- \/ Yoast SEO plugin. -->","yoast_head_json":{"title":"Manual de Internacionalizaci\u00f3n &gt; REEXIN","robots":{"index":"index","follow":"follow","max-snippet":"max-snippet:-1","max-image-preview":"max-image-preview:large","max-video-preview":"max-video-preview:-1"},"canonical":"https:\/\/old.smartislandcluster.org\/reexin\/recurso\/manual-de-internacionalizacion\/","og_locale":"es_ES","og_type":"article","og_title":"Manual de Internacionalizaci\u00f3n &gt; REEXIN","og_description":"Esta obra surge de la percepci\u00f3n de que la internacionalizaci\u00f3n se ha convertido en un elemento fundamental para la empresa en el actual mundo globalizado. Esta segunda edici\u00f3n, refundida y actualizada, del Manual constituye un curso exhaustivo y riguroso sobre todos los aspectos que hay que considerar a la hora de iniciar, mantener o desarrollar [&hellip;]","og_url":"https:\/\/old.smartislandcluster.org\/reexin\/recurso\/manual-de-internacionalizacion\/","og_site_name":"REEXIN","twitter_card":"summary_large_image","schema":{"@context":"https:\/\/schema.org","@graph":[{"@type":"WebPage","@id":"https:\/\/old.smartislandcluster.org\/reexin\/recurso\/manual-de-internacionalizacion\/","url":"https:\/\/old.smartislandcluster.org\/reexin\/recurso\/manual-de-internacionalizacion\/","name":"Manual de Internacionalizaci\u00f3n &gt; REEXIN","isPartOf":{"@id":"https:\/\/old.smartislandcluster.org\/reexin\/#website"},"datePublished":"2021-07-23T10:05:54+00:00","dateModified":"2021-07-23T10:05:54+00:00","breadcrumb":{"@id":"https:\/\/old.smartislandcluster.org\/reexin\/recurso\/manual-de-internacionalizacion\/#breadcrumb"},"inLanguage":"es","potentialAction":[{"@type":"ReadAction","target":["https:\/\/old.smartislandcluster.org\/reexin\/recurso\/manual-de-internacionalizacion\/"]}]},{"@type":"BreadcrumbList","@id":"https:\/\/old.smartislandcluster.org\/reexin\/recurso\/manual-de-internacionalizacion\/#breadcrumb","itemListElement":[{"@type":"ListItem","position":1,"name":"Portada","item":"https:\/\/old.smartislandcluster.org\/reexin\/"},{"@type":"ListItem","position":2,"name":"Manual de Internacionalizaci\u00f3n"}]},{"@type":"WebSite","@id":"https:\/\/old.smartislandcluster.org\/reexin\/#website","url":"https:\/\/old.smartislandcluster.org\/reexin\/","name":"REEXIN","description":"Portal de referencia de Recursos de Expansi\u00f3n Internacional","potentialAction":[{"@type":"SearchAction","target":{"@type":"EntryPoint","urlTemplate":"https:\/\/old.smartislandcluster.org\/reexin\/?s={search_term_string}"},"query-input":"required name=search_term_string"}],"inLanguage":"es"}]}},"_links":{"self":[{"href":"https:\/\/old.smartislandcluster.org\/reexin\/wp-json\/wp\/v2\/product\/434","targetHints":{"allow":["GET"]}}],"collection":[{"href":"https:\/\/old.smartislandcluster.org\/reexin\/wp-json\/wp\/v2\/product"}],"about":[{"href":"https:\/\/old.smartislandcluster.org\/reexin\/wp-json\/wp\/v2\/types\/product"}],"wp:attachment":[{"href":"https:\/\/old.smartislandcluster.org\/reexin\/wp-json\/wp\/v2\/media?parent=434"}],"wp:term":[{"taxonomy":"product_cat","embeddable":true,"href":"https:\/\/old.smartislandcluster.org\/reexin\/wp-json\/wp\/v2\/product_cat?post=434"},{"taxonomy":"product_tag","embeddable":true,"href":"https:\/\/old.smartislandcluster.org\/reexin\/wp-json\/wp\/v2\/product_tag?post=434"}],"curies":[{"name":"wp","href":"https:\/\/api.w.org\/{rel}","templated":true}]}}