{"id":236,"date":"2021-06-25T20:36:01","date_gmt":"2021-06-25T20:36:01","guid":{"rendered":"https:\/\/old.smartislandcluster.org\/reexin\/?post_type=product&#038;p=236"},"modified":"2021-06-27T20:10:56","modified_gmt":"2021-06-27T20:10:56","slug":"el-mercado-del-turismo-en-senegal-y-cabo-verde-2020","status":"publish","type":"product","link":"https:\/\/old.smartislandcluster.org\/reexin\/recurso\/el-mercado-del-turismo-en-senegal-y-cabo-verde-2020\/","title":{"rendered":"El mercado del turismo en Senegal y Cabo Verde 2020"},"content":{"rendered":"<p>Estudio sobre el mercado del turismo en Senegal y Cabo Verde (datos 2015 \u2013 2019). El objetivo de este estudio es analizar el estado y las posibilidades que ofrece la industria tur\u00edstica en Senegal y Cabo Verde, dos de los pa\u00edses con m\u00e1s potencial tur\u00edstico y econ\u00f3mico en la regi\u00f3n de \u00c1frica occidental.<\/p>\n<p>Se pretende dar una visi\u00f3n general de la situaci\u00f3n con atenci\u00f3n especial a alojamientos y transportes, subsectores que permiten inversiones de mayor relevancia que otras actividades conexas, como las actividades de ocio o la restauraci\u00f3n; si bien cabe se\u00f1alar que en estos dos \u00e1mbitos el mercado es incipiente en ambos pa\u00edses y ofrece tambi\u00e9n nichos de desarrollo.<\/p>\n<p>Tras presentar la definici\u00f3n y caracter\u00edsticas del sector, analiza la oferta y la demanda, as\u00ed como los precios y la percepci\u00f3n del producto espa\u00f1ol. Informa sobre los canales de distribuci\u00f3n, el acceso al mercado, las perspectivas y las oportunidades del sector. Recoge informaci\u00f3n pr\u00e1ctica y otros datos de inter\u00e9s.<\/p>\n","protected":false},"excerpt":{"rendered":"<p>Estudio sobre el mercado del turismo en Senegal y Cabo Verde (datos 2015 \u2013 2019). El objetivo de este estudio es analizar el estado y las posibilidades que ofrece la industria tur\u00edstica en Senegal y Cabo Verde, dos de los pa\u00edses con m\u00e1s potencial tur\u00edstico y econ\u00f3mico en la regi\u00f3n de \u00c1frica occidental. Se pretende [&hellip;]<\/p>\n","protected":false},"featured_media":0,"template":"","meta":{"_genesis_hide_title":false,"_genesis_hide_breadcrumbs":false,"_genesis_hide_singular_image":false,"_genesis_hide_footer_widgets":false,"_genesis_custom_body_class":"","_genesis_custom_post_class":"","_genesis_layout":""},"product_cat":[28],"product_tag":[],"class_list":{"0":"post-236","1":"product","2":"type-product","3":"status-publish","5":"product_cat-informacion-de-mercados","6":"entry"},"featured_image_urls":{"full":"","thumbnail":"","medium":"","medium_large":"","large":"","1536x1536":"","2048x2048":"","featured-page":"","woocommerce_thumbnail":"","woocommerce_single":"","woocommerce_gallery_thumbnail":""},"post_excerpt_stackable":"<p>Estudio sobre el mercado del turismo en Senegal y Cabo Verde (datos 2015 \u2013 2019). El objetivo de este estudio es analizar el estado y las posibilidades que ofrece la industria tur\u00edstica en Senegal y Cabo Verde, dos de los pa\u00edses con m\u00e1s potencial tur\u00edstico y econ\u00f3mico en la regi\u00f3n de \u00c1frica occidental. Se pretende dar una visi\u00f3n general de la situaci\u00f3n con atenci\u00f3n especial a alojamientos y transportes, subsectores que permiten inversiones de mayor relevancia que otras actividades conexas, como las actividades de ocio o la restauraci\u00f3n; si bien cabe se\u00f1alar que en estos dos \u00e1mbitos el mercado es&hellip;<\/p>\n","category_list":"","author_info":{"name":"","url":""},"comments_num":"0 comentarios","featured_image_urls_v2":{"full":"","thumbnail":"","medium":"","medium_large":"","large":"","1536x1536":"","2048x2048":"","featured-page":"","woocommerce_thumbnail":"","woocommerce_single":"","woocommerce_gallery_thumbnail":""},"post_excerpt_stackable_v2":"<p>Estudio sobre el mercado del turismo en Senegal y Cabo Verde (datos 2015 \u2013 2019). El objetivo de este estudio es analizar el estado y las posibilidades que ofrece la industria tur\u00edstica en Senegal y Cabo Verde, dos de los pa\u00edses con m\u00e1s potencial tur\u00edstico y econ\u00f3mico en la regi\u00f3n de \u00c1frica occidental. Se pretende dar una visi\u00f3n general de la situaci\u00f3n con atenci\u00f3n especial a alojamientos y transportes, subsectores que permiten inversiones de mayor relevancia que otras actividades conexas, como las actividades de ocio o la restauraci\u00f3n; si bien cabe se\u00f1alar que en estos dos \u00e1mbitos el mercado es&hellip;<\/p>\n","category_list_v2":"","author_info_v2":{"name":"","url":""},"comments_num_v2":"0 comentarios","yoast_head":"<!-- This site is optimized with the Yoast SEO plugin v19.11 - https:\/\/yoast.com\/wordpress\/plugins\/seo\/ -->\n<title>El mercado del turismo en Senegal y Cabo Verde 2020 &gt; REEXIN<\/title>\n<meta name=\"robots\" content=\"index, follow, max-snippet:-1, max-image-preview:large, max-video-preview:-1\" \/>\n<link rel=\"canonical\" href=\"https:\/\/old.smartislandcluster.org\/reexin\/recurso\/el-mercado-del-turismo-en-senegal-y-cabo-verde-2020\/\" \/>\n<meta property=\"og:locale\" content=\"es_ES\" \/>\n<meta property=\"og:type\" content=\"article\" \/>\n<meta property=\"og:title\" content=\"El mercado del turismo en Senegal y Cabo Verde 2020 &gt; REEXIN\" \/>\n<meta property=\"og:description\" content=\"Estudio sobre el mercado del turismo en Senegal y Cabo Verde (datos 2015 \u2013 2019). El objetivo de este estudio es analizar el estado y las posibilidades que ofrece la industria tur\u00edstica en Senegal y Cabo Verde, dos de los pa\u00edses con m\u00e1s potencial tur\u00edstico y econ\u00f3mico en la regi\u00f3n de \u00c1frica occidental. Se pretende [&hellip;]\" \/>\n<meta property=\"og:url\" content=\"https:\/\/old.smartislandcluster.org\/reexin\/recurso\/el-mercado-del-turismo-en-senegal-y-cabo-verde-2020\/\" \/>\n<meta property=\"og:site_name\" content=\"REEXIN\" \/>\n<meta property=\"article:modified_time\" content=\"2021-06-27T20:10:56+00:00\" \/>\n<meta name=\"twitter:card\" content=\"summary_large_image\" \/>\n<script type=\"application\/ld+json\" class=\"yoast-schema-graph\">{\"@context\":\"https:\/\/schema.org\",\"@graph\":[{\"@type\":\"WebPage\",\"@id\":\"https:\/\/old.smartislandcluster.org\/reexin\/recurso\/el-mercado-del-turismo-en-senegal-y-cabo-verde-2020\/\",\"url\":\"https:\/\/old.smartislandcluster.org\/reexin\/recurso\/el-mercado-del-turismo-en-senegal-y-cabo-verde-2020\/\",\"name\":\"El mercado del turismo en Senegal y Cabo Verde 2020 &gt; REEXIN\",\"isPartOf\":{\"@id\":\"https:\/\/old.smartislandcluster.org\/reexin\/#website\"},\"datePublished\":\"2021-06-25T20:36:01+00:00\",\"dateModified\":\"2021-06-27T20:10:56+00:00\",\"breadcrumb\":{\"@id\":\"https:\/\/old.smartislandcluster.org\/reexin\/recurso\/el-mercado-del-turismo-en-senegal-y-cabo-verde-2020\/#breadcrumb\"},\"inLanguage\":\"es\",\"potentialAction\":[{\"@type\":\"ReadAction\",\"target\":[\"https:\/\/old.smartislandcluster.org\/reexin\/recurso\/el-mercado-del-turismo-en-senegal-y-cabo-verde-2020\/\"]}]},{\"@type\":\"BreadcrumbList\",\"@id\":\"https:\/\/old.smartislandcluster.org\/reexin\/recurso\/el-mercado-del-turismo-en-senegal-y-cabo-verde-2020\/#breadcrumb\",\"itemListElement\":[{\"@type\":\"ListItem\",\"position\":1,\"name\":\"Portada\",\"item\":\"https:\/\/old.smartislandcluster.org\/reexin\/\"},{\"@type\":\"ListItem\",\"position\":2,\"name\":\"El mercado del turismo en Senegal y Cabo Verde 2020\"}]},{\"@type\":\"WebSite\",\"@id\":\"https:\/\/old.smartislandcluster.org\/reexin\/#website\",\"url\":\"https:\/\/old.smartislandcluster.org\/reexin\/\",\"name\":\"REEXIN\",\"description\":\"Portal de referencia de Recursos de Expansi\u00f3n Internacional\",\"potentialAction\":[{\"@type\":\"SearchAction\",\"target\":{\"@type\":\"EntryPoint\",\"urlTemplate\":\"https:\/\/old.smartislandcluster.org\/reexin\/?s={search_term_string}\"},\"query-input\":\"required name=search_term_string\"}],\"inLanguage\":\"es\"}]}<\/script>\n<!-- \/ Yoast SEO plugin. -->","yoast_head_json":{"title":"El mercado del turismo en Senegal y Cabo Verde 2020 &gt; REEXIN","robots":{"index":"index","follow":"follow","max-snippet":"max-snippet:-1","max-image-preview":"max-image-preview:large","max-video-preview":"max-video-preview:-1"},"canonical":"https:\/\/old.smartislandcluster.org\/reexin\/recurso\/el-mercado-del-turismo-en-senegal-y-cabo-verde-2020\/","og_locale":"es_ES","og_type":"article","og_title":"El mercado del turismo en Senegal y Cabo Verde 2020 &gt; REEXIN","og_description":"Estudio sobre el mercado del turismo en Senegal y Cabo Verde (datos 2015 \u2013 2019). El objetivo de este estudio es analizar el estado y las posibilidades que ofrece la industria tur\u00edstica en Senegal y Cabo Verde, dos de los pa\u00edses con m\u00e1s potencial tur\u00edstico y econ\u00f3mico en la regi\u00f3n de \u00c1frica occidental. Se pretende [&hellip;]","og_url":"https:\/\/old.smartislandcluster.org\/reexin\/recurso\/el-mercado-del-turismo-en-senegal-y-cabo-verde-2020\/","og_site_name":"REEXIN","article_modified_time":"2021-06-27T20:10:56+00:00","twitter_card":"summary_large_image","schema":{"@context":"https:\/\/schema.org","@graph":[{"@type":"WebPage","@id":"https:\/\/old.smartislandcluster.org\/reexin\/recurso\/el-mercado-del-turismo-en-senegal-y-cabo-verde-2020\/","url":"https:\/\/old.smartislandcluster.org\/reexin\/recurso\/el-mercado-del-turismo-en-senegal-y-cabo-verde-2020\/","name":"El mercado del turismo en Senegal y Cabo Verde 2020 &gt; REEXIN","isPartOf":{"@id":"https:\/\/old.smartislandcluster.org\/reexin\/#website"},"datePublished":"2021-06-25T20:36:01+00:00","dateModified":"2021-06-27T20:10:56+00:00","breadcrumb":{"@id":"https:\/\/old.smartislandcluster.org\/reexin\/recurso\/el-mercado-del-turismo-en-senegal-y-cabo-verde-2020\/#breadcrumb"},"inLanguage":"es","potentialAction":[{"@type":"ReadAction","target":["https:\/\/old.smartislandcluster.org\/reexin\/recurso\/el-mercado-del-turismo-en-senegal-y-cabo-verde-2020\/"]}]},{"@type":"BreadcrumbList","@id":"https:\/\/old.smartislandcluster.org\/reexin\/recurso\/el-mercado-del-turismo-en-senegal-y-cabo-verde-2020\/#breadcrumb","itemListElement":[{"@type":"ListItem","position":1,"name":"Portada","item":"https:\/\/old.smartislandcluster.org\/reexin\/"},{"@type":"ListItem","position":2,"name":"El mercado del turismo en Senegal y Cabo Verde 2020"}]},{"@type":"WebSite","@id":"https:\/\/old.smartislandcluster.org\/reexin\/#website","url":"https:\/\/old.smartislandcluster.org\/reexin\/","name":"REEXIN","description":"Portal de referencia de Recursos de Expansi\u00f3n Internacional","potentialAction":[{"@type":"SearchAction","target":{"@type":"EntryPoint","urlTemplate":"https:\/\/old.smartislandcluster.org\/reexin\/?s={search_term_string}"},"query-input":"required name=search_term_string"}],"inLanguage":"es"}]}},"_links":{"self":[{"href":"https:\/\/old.smartislandcluster.org\/reexin\/wp-json\/wp\/v2\/product\/236","targetHints":{"allow":["GET"]}}],"collection":[{"href":"https:\/\/old.smartislandcluster.org\/reexin\/wp-json\/wp\/v2\/product"}],"about":[{"href":"https:\/\/old.smartislandcluster.org\/reexin\/wp-json\/wp\/v2\/types\/product"}],"wp:attachment":[{"href":"https:\/\/old.smartislandcluster.org\/reexin\/wp-json\/wp\/v2\/media?parent=236"}],"wp:term":[{"taxonomy":"product_cat","embeddable":true,"href":"https:\/\/old.smartislandcluster.org\/reexin\/wp-json\/wp\/v2\/product_cat?post=236"},{"taxonomy":"product_tag","embeddable":true,"href":"https:\/\/old.smartislandcluster.org\/reexin\/wp-json\/wp\/v2\/product_tag?post=236"}],"curies":[{"name":"wp","href":"https:\/\/api.w.org\/{rel}","templated":true}]}}