{"id":43,"date":"2021-06-25T17:39:19","date_gmt":"2021-06-25T17:39:19","guid":{"rendered":"https:\/\/old.smartislandcluster.org\/reexin\/?page_id=43"},"modified":"2021-06-27T18:50:56","modified_gmt":"2021-06-27T18:50:56","slug":"contacto","status":"publish","type":"page","link":"https:\/\/old.smartislandcluster.org\/reexin\/contacto\/","title":{"rendered":"Contacto"},"content":{"rendered":"\n<div class=\"alignfull wp-block-ugb-container ugb-container main-pages-header ugb-1c9bc74 ugb-container--v2 ugb-container--design-plain ugb-main-block ugb--has-custom-content-width ugb-main-block--inner-full ugb--has-block-background ugb--has-background-overlay\"><style>.ugb-1c9bc74.ugb-container{background-color:#ffffff;background-attachment:fixed;background-image:url(https:\/\/old.smartislandcluster.org\/reexin\/wp-content\/uploads\/sites\/8\/2021\/06\/Home-BG-yellow-20.png);background-position:center center}.ugb-1c9bc74.ugb-container > .ugb-inner-block{max-width:1200px !important}.ugb-1c9bc74.ugb-container:before{background-color:#ffffff;opacity:0}@media screen and (min-width:768px){.ugb-1c9bc74.ugb-container{margin-top:-85px !important;margin-bottom:0px !important;padding-top:2em !important;padding-right:2em !important;padding-bottom:2em !important;padding-left:2em !important}}@media screen and (min-width:768px) and (max-width:1025px){.ugb-1c9bc74.ugb-container{margin-top:-80px !important;padding-top:2em !important;padding-right:2em !important;padding-bottom:2em !important;padding-left:2em !important}}@media screen and (max-width:768px){.ugb-1c9bc74.ugb-container{margin-top:-80px !important;padding-top:2em !important;padding-right:2em !important;padding-bottom:2em !important;padding-left:2em !important}}<\/style><div class=\"ugb-inner-block ugb-inner-block--full\"><div class=\"ugb-block-content\"><div class=\"ugb-container__wrapper ugb-1c9bc74-wrapper\"><div class=\"ugb-container__side\"><div class=\"ugb-container__content-wrapper ugb-1c9bc74-content-wrapper\">\n<div class=\"aligncenter wp-block-ugb-container ugb-container ugb-566d76a ugb-container--v2 ugb-container--design-plain ugb-main-block ugb--has-custom-content-width\"><style>.ugb-566d76a-wrapper > .ugb-container__side{padding-top:35px !important;padding-bottom:35px !important}.ugb-566d76a-wrapper.ugb-container__wrapper{padding-top:0 !important;padding-bottom:0 !important}.ugb-566d76a.ugb-container > .ugb-inner-block{max-width:1200px !important}@media screen and (min-width:768px){.ugb-566d76a.ugb-container{margin-bottom:0px !important;padding-top:0px !important;padding-right:0px !important;padding-bottom:0px !important;padding-left:0px !important}}@media screen and (min-width:768px){.ugb-566d76a > .ugb-inner-block > .ugb-block-content > *{padding-top:0px !important;padding-bottom:0px !important;padding-right:0px !important;padding-left:0px !important}}<\/style><div class=\"ugb-inner-block\"><div class=\"ugb-block-content\"><div class=\"ugb-container__wrapper ugb-566d76a-wrapper\"><div class=\"ugb-container__side\"><div class=\"ugb-container__content-wrapper ugb-566d76a-content-wrapper\">\n<div class=\"alignfull wp-block-ugb-header ugb-header ugb-7e56b3d ugb-header ugb-header--v3 ugb-header--design-plain ugb-main-block ugb--has-custom-content-width ugb--has-custom-content-width-tablet\"><style>.ugb-7e56b3d .ugb-header__title{font-size:32px !important;font-weight:bold !important;text-align:left !important;margin-bottom:10px !important}.ugb-7e56b3d .ugb-header__subtitle{font-size:22px !important;margin-bottom:0px !important}.ugb-7e56b3d .ugb-inner-block{text-align:left}.ugb-7e56b3d.ugb-header > .ugb-inner-block{max-width:1200px !important}@media screen and (min-width:768px){.ugb-7e56b3d.ugb-header{margin-bottom:0px !important;padding-right:0px !important;padding-left:0px !important}}@media screen and (max-width:1025px){.ugb-7e56b3d.ugb-header > .ugb-inner-block{max-width:100% !important}}@media screen and (min-width:768px) and (max-width:1025px){.ugb-7e56b3d.ugb-header{padding-top:5% !important;padding-bottom:5% !important}}@media screen and (max-width:768px){.ugb-7e56b3d .ugb-header__subtitle{font-size:21px !important;margin-bottom:32px !important}.ugb-7e56b3d.ugb-header{margin-top:0px !important;margin-bottom:0px !important;padding-top:0px !important;padding-right:0px !important;padding-bottom:0px !important;padding-left:0px !important}}@media screen and (min-width:768px){.ugb-7e56b3d > .ugb-inner-block > .ugb-block-content > *{padding-top:0px !important;padding-bottom:0px !important;padding-right:0px !important;padding-left:0px !important}}<\/style><div class=\"ugb-inner-block\"><div class=\"ugb-block-content\"><div class=\"ugb-header__item\"><div class=\"ugb-content-wrapper\"><h1 class=\"ugb-header__title\">Contacto<\/h1><p class=\"ugb-header__subtitle\">Env\u00edanos un mensaje con tus sugerencias, dudas o ideas. Si no encuentras algo o conoces recursos que debamos compartir, contacta con nosotros.<\/p><\/div><\/div><\/div><\/div><\/div>\n\n\n\n<div class=\"alignfull wp-block-ugb-icon ugb-icon ugb-19125e1 ugb-icon--v2 ugb-icon--design-basic ugb-main-block ugb--has-custom-content-width\"><style>.ugb-19125e1{justify-content:flex-start !important}.ugb-19125e1 .ugb-icon__icon .ugb-icon-inner-svg,.ugb-19125e1 .ugb-icon__icon .ugb-icon-inner-svg svg{width:36px !important;height:36px !important}.ugb-19125e1 .ugb-icon__icon .ugb-icon-inner-svg{color:#00acee !important}.ugb-19125e1 .ugb-icon__icon{margin-bottom:-20px !important}.ugb-19125e1 .ugb-inner-block{text-align:left}.ugb-19125e1.ugb-icon{justify-content:center}.ugb-19125e1.ugb-icon > .ugb-inner-block{max-width:1200px !important}@media screen and (min-width:768px){.ugb-19125e1.ugb-icon{margin-bottom:0px !important;padding-right:0px !important;padding-left:0px !important}}@media screen and (max-width:768px){.ugb-19125e1 .ugb-icon__icon{margin-bottom:0px !important}.ugb-19125e1.ugb-icon{margin-top:-185px !important;margin-bottom:0px !important;padding-top:0px !important;padding-right:36px !important;padding-bottom:0px !important;padding-left:36px !important}}.ugb-19125e1 .ugb-icon__icon .ugb-icon-inner-svg,.ugb-19125e1 .ugb-icon__icon .ugb-icon-inner-svg svg *{color:#00acee !important;fill:#00acee !important}@media screen and (min-width:768px){.ugb-19125e1 > .ugb-inner-block > .ugb-block-content > *{padding-top:0px !important;padding-bottom:0px !important;padding-right:0px !important;padding-left:0px !important}}@media screen and (max-width:768px){.ugb-19125e1 > .ugb-inner-block > .ugb-block-content > *{padding-top:0px !important;padding-right:0px !important;padding-bottom:0px !important;padding-left:0px !important}}<\/style><div class=\"ugb-inner-block\"><div class=\"ugb-block-content\"><div class=\"ugb-icon__content-wrapper\"><div class=\"ugb-icon__item ugb-icon__item1\"><a class=\"ugb-icon__icon\" href=\"#form\"><div class=\"ugb-icon-inner-svg\"><svg data-prefix=\"fas\" data-icon=\"chevron-down\" class=\"svg-inline--fa fa-chevron-down fa-w-14\" role=\"img\" xmlns=\"http:\/\/www.w3.org\/2000\/svg\" viewBox=\"0 0 448 512\"><path fill=\"currentColor\" d=\"M207.029 381.476L12.686 187.132c-9.373-9.373-9.373-24.569 0-33.941l22.667-22.667c9.357-9.357 24.522-9.375 33.901-.04L224 284.505l154.745-154.021c9.379-9.335 24.544-9.317 33.901.04l22.667 22.667c9.373 9.373 9.373 24.569 0 33.941L240.971 381.476c-9.373 9.372-24.569 9.372-33.942 0z\"><\/path><\/svg><\/div><\/a><\/div><\/div><\/div><\/div><\/div>\n<\/div><\/div><\/div><\/div><\/div><\/div>\n<\/div><\/div><\/div><\/div><\/div><\/div>\n\n\n\n<div class=\"alignfull wp-block-ugb-container ugb-container ugb-e8421bc ugb-container--v2 ugb-container--design-plain ugb-main-block ugb--has-custom-content-width\" id=\"form\"><style>.ugb-e8421bc .ugb-inner-block{text-align:left}.ugb-e8421bc.ugb-container > .ugb-inner-block{max-width:1200px !important}@media screen and (min-width:768px){.ugb-e8421bc.ugb-container{margin-bottom:0px !important;padding-top:0em !important;padding-right:2em !important;padding-bottom:0em !important;padding-left:2em !important}}@media screen and (min-width:768px){.ugb-e8421bc > .ugb-inner-block > .ugb-block-content > *{padding-top:0px !important;padding-bottom:0px !important;padding-right:0px !important;padding-left:0px !important}}<\/style><div class=\"ugb-inner-block\"><div class=\"ugb-block-content\"><div class=\"ugb-container__wrapper ugb-e8421bc-wrapper\"><div class=\"ugb-container__side\"><div class=\"ugb-container__content-wrapper ugb-e8421bc-content-wrapper\">\n<div class=\"alignfull wp-block-ugb-columns ugb-columns ugb-803a2d1 ugb-columns--design-plain ugb-columns--columns-2 ugb-main-block\"><style>.ugb-803a2d1 > .ugb-inner-block > .ugb-block-content > .ugb-columns__item{grid-template-columns:0.60fr 1.40fr !important}.ugb-803a2d1 .ugb-inner-block{text-align:left}@media screen and (min-width:768px){.ugb-803a2d1.ugb-columns{padding-right:0px !important;padding-left:0px !important}}<\/style><div class=\"ugb-inner-block\"><div class=\"ugb-block-content\"><div class=\"ugb-columns__item ugb-803a2d1-content-wrapper\">\n<div class=\"wp-block-ugb-column ugb-column ugb-a021243 ugb-column--design-plain ugb-main-block\"><style>@media screen and (min-width:768px){.ugb-a021243.ugb-column{margin-top:30px !important;margin-bottom:0px !important}}.ugb-a021243 > .ugb-inner-block > .ugb-block-content > *{justify-content:flex-start !important}<\/style><div class=\"ugb-inner-block\"><div class=\"ugb-block-content\"><div class=\"ugb-column__item ugb-a021243-column-wrapper\"><div class=\"ugb-column__content-wrapper\">\n<figure class=\"wp-block-image size-medium is-resized\"><img loading=\"lazy\" decoding=\"async\" src=\"https:\/\/old.smartislandcluster.org\/reexin\/wp-content\/uploads\/sites\/8\/2021\/06\/cropped-cropped-Logo-Inco-LAB-H-color-2048x686-1-300x100.png\" alt=\"\" class=\"wp-image-19\" width=\"225\" height=\"75\" srcset=\"https:\/\/old.smartislandcluster.org\/reexin\/wp-content\/uploads\/sites\/8\/2021\/06\/cropped-cropped-Logo-Inco-LAB-H-color-2048x686-1-300x100.png 300w, https:\/\/old.smartislandcluster.org\/reexin\/wp-content\/uploads\/sites\/8\/2021\/06\/cropped-cropped-Logo-Inco-LAB-H-color-2048x686-1-1024x343.png 1024w, https:\/\/old.smartislandcluster.org\/reexin\/wp-content\/uploads\/sites\/8\/2021\/06\/cropped-cropped-Logo-Inco-LAB-H-color-2048x686-1-768x257.png 768w, https:\/\/old.smartislandcluster.org\/reexin\/wp-content\/uploads\/sites\/8\/2021\/06\/cropped-cropped-Logo-Inco-LAB-H-color-2048x686-1-1536x515.png 1536w, https:\/\/old.smartislandcluster.org\/reexin\/wp-content\/uploads\/sites\/8\/2021\/06\/cropped-cropped-Logo-Inco-LAB-H-color-2048x686-1.png 2048w\" sizes=\"auto, (max-width: 225px) 100vw, 225px\" \/><\/figure>\n\n\n\n<p style=\"font-size:18px\">Asociaci\u00f3n Empresarial Multisectorial Innovadora Smart Island Cl\u00faster Inco-LAB. <a rel=\"noreferrer noopener\" href=\"https:\/\/old.smartislandcluster.org\/\" data-type=\"URL\" data-id=\"https:\/\/old.smartislandcluster.org\/\" target=\"_blank\"><strong>M\u00e1s informaci\u00f3n<\/strong><\/a><\/p>\n<\/div><\/div><\/div><\/div><\/div>\n\n\n\n<div class=\"wp-block-ugb-column ugb-column ugb-6a47014 ugb-column--design-plain ugb-main-block\"><style>.ugb-6a47014 .ugb-inner-block{text-align:left}@media screen and (min-width:768px){.ugb-6a47014.ugb-column{margin-bottom:0px !important}}.ugb-6a47014 > .ugb-inner-block > .ugb-block-content > *{justify-content:flex-start !important}<\/style><div class=\"ugb-inner-block\"><div class=\"ugb-block-content\"><div class=\"ugb-column__item ugb-6a47014-column-wrapper\"><div class=\"ugb-column__content-wrapper\">\n<div class=\"wp-block-contact-form-7-contact-form-selector\"><div class=\"wpcf7 no-js\" id=\"wpcf7-f260-o1\" lang=\"es-ES\" dir=\"ltr\">\n<div class=\"screen-reader-response\"><p role=\"status\" aria-live=\"polite\" aria-atomic=\"true\"><\/p> <ul><\/ul><\/div>\n<form action=\"\/reexin\/wp-json\/wp\/v2\/pages\/43#wpcf7-f260-o1\" method=\"post\" class=\"wpcf7-form init 85265862b32d cmatic-conn cmatic-aud-1 cmatic-mapd0-0 cmatic-v0975 cmatic-sent-0 cmatic-total-0\" aria-label=\"Formulario de contacto\" novalidate=\"novalidate\" data-status=\"init\">\n<div style=\"display: none;\">\n<input type=\"hidden\" name=\"_wpcf7\" value=\"260\" \/>\n<input type=\"hidden\" name=\"_wpcf7_version\" value=\"5.7\" \/>\n<input type=\"hidden\" name=\"_wpcf7_locale\" value=\"es_ES\" \/>\n<input type=\"hidden\" name=\"_wpcf7_unit_tag\" value=\"wpcf7-f260-o1\" \/>\n<input type=\"hidden\" name=\"_wpcf7_container_post\" value=\"0\" \/>\n<input type=\"hidden\" name=\"_wpcf7_posted_data_hash\" value=\"\" \/>\n<\/div>\n<p><label> Nombre <span class=\"form-mandatory\">* obligatorio<\/span><br \/>\n<span class=\"wpcf7-form-control-wrap\" data-name=\"nombre\"><input size=\"40\" class=\"wpcf7-form-control wpcf7-text wpcf7-validates-as-required\" aria-required=\"true\" aria-invalid=\"false\" value=\"\" type=\"text\" name=\"nombre\" \/><\/span> <\/label>\n<\/p>\n<p><label> Apellidos <span class=\"form-mandatory\">* obligatorio<\/span><br \/>\n<span class=\"wpcf7-form-control-wrap\" data-name=\"apellidos\"><input size=\"40\" class=\"wpcf7-form-control wpcf7-text wpcf7-validates-as-required\" aria-required=\"true\" aria-invalid=\"false\" value=\"\" type=\"text\" name=\"apellidos\" \/><\/span> <\/label>\n<\/p>\n<p><label> Correo electr\u00f3nico <span class=\"form-mandatory\">* obligatorio<\/span><br \/>\n<span class=\"wpcf7-form-control-wrap\" data-name=\"email\"><input size=\"40\" class=\"wpcf7-form-control wpcf7-text wpcf7-email wpcf7-validates-as-required wpcf7-validates-as-email\" aria-required=\"true\" aria-invalid=\"false\" value=\"\" type=\"email\" name=\"email\" \/><\/span> <\/label>\n<\/p>\n<p><label> Empresa u organizaci\u00f3n <span class=\"form-optional\">* opcional<\/span><br \/>\n<span class=\"wpcf7-form-control-wrap\" data-name=\"org\"><input size=\"40\" class=\"wpcf7-form-control wpcf7-text\" aria-invalid=\"false\" value=\"\" type=\"text\" name=\"org\" \/><\/span> <\/label>\n<\/p>\n<p><label> Tel\u00e9fono de contacto <span class=\"form-optional\">* opcional<\/span><br \/>\n<span class=\"wpcf7-form-control-wrap\" data-name=\"tel\"><input size=\"40\" class=\"wpcf7-form-control wpcf7-text\" aria-invalid=\"false\" value=\"\" type=\"text\" name=\"tel\" \/><\/span> <\/label>\n<\/p>\n<p><label> \u00bfC\u00f3mo podemos ayudarte? Asunto de tu mensaje o consulta. Si lo deseas, tambi\u00e9n puedes enviarnos una propuesta de recurso para a\u00f1adir a nuestro portal <span class=\"form-mandatory\">* obligatorio<\/span><br \/>\n<span class=\"wpcf7-form-control-wrap\" data-name=\"asunto\"><input size=\"40\" class=\"wpcf7-form-control wpcf7-text wpcf7-validates-as-required\" aria-required=\"true\" aria-invalid=\"false\" value=\"\" type=\"text\" name=\"asunto\" \/><\/span> <\/label>\n<\/p>\n<p><label> Describe tu mensaje o consulta, o bien a\u00f1ade informaci\u00f3n sobre tu propuesta de recurso <span class=\"form-mandatory\">* obligatorio<\/span><br \/>\n<span class=\"wpcf7-form-control-wrap\" data-name=\"mensaje\"><textarea cols=\"40\" rows=\"10\" class=\"wpcf7-form-control wpcf7-textarea wpcf7-validates-as-required\" aria-required=\"true\" aria-invalid=\"false\" name=\"mensaje\"><\/textarea><\/span> <\/label>\n<\/p>\n<p><span class=\"wpcf7-form-control-wrap\" data-name=\"suscripcion\"><span class=\"wpcf7-form-control wpcf7-acceptance optional\"><span class=\"wpcf7-list-item\"><input type=\"checkbox\" name=\"suscripcion\" value=\"1\" aria-invalid=\"false\" \/><\/span><\/span><\/span> Suscribirme para recibir novedades y noticias <span class=\"form-optional\">* opcional<\/span>\n<\/p>\n<p><span class=\"wpcf7-form-control-wrap\" data-name=\"acceptance-304\"><span class=\"wpcf7-form-control wpcf7-acceptance\"><span class=\"wpcf7-list-item\"><label><input type=\"checkbox\" name=\"acceptance-304\" value=\"1\" aria-invalid=\"false\" \/><span class=\"wpcf7-list-item-label\">He le\u00eddo y acepto la <a href=\"https:\/\/old.smartislandcluster.org\/reexin\/politica-de-privacidad\/\" target=\"_blank\">pol\u00edtica de privacidad<\/a><\/span><\/label><\/span><\/span><\/span> <span class=\"form-mandatory\">* obligatorio<\/span>\n<\/p>\n<p><input class=\"wpcf7-form-control has-spinner wpcf7-submit\" type=\"submit\" value=\"Enviar\" \/>\n<\/p><div class=\"wpcf7-response-output\" aria-hidden=\"true\"><\/div><\/form><\/div><\/div>\n<\/div><\/div><\/div><\/div><\/div>\n<\/div><\/div><\/div><\/div>\n\n\n\n<p><\/p>\n<\/div><\/div><\/div><\/div><\/div><\/div>\n","protected":false},"excerpt":{"rendered":"<p>Contacto Env\u00edanos un mensaje con tus sugerencias, dudas o ideas. Si no encuentras algo o conoces recursos que debamos compartir, contacta con nosotros. Asociaci\u00f3n Empresarial Multisectorial Innovadora Smart Island Cl\u00faster Inco-LAB. M\u00e1s informaci\u00f3n<\/p>\n","protected":false},"author":21,"featured_media":0,"parent":0,"menu_order":0,"comment_status":"closed","ping_status":"closed","template":"","meta":{"_genesis_hide_title":true,"_genesis_hide_breadcrumbs":false,"_genesis_hide_singular_image":false,"_genesis_hide_footer_widgets":false,"_genesis_custom_body_class":"","_genesis_custom_post_class":"","_genesis_layout":"","footnotes":""},"class_list":{"0":"post-43","1":"page","2":"type-page","3":"status-publish","5":"entry"},"featured_image_urls":{"full":"","thumbnail":"","medium":"","medium_large":"","large":"","1536x1536":"","2048x2048":"","featured-page":"","woocommerce_thumbnail":"","woocommerce_single":"","woocommerce_gallery_thumbnail":""},"post_excerpt_stackable":"<p>ContactoEnv\u00edanos un mensaje con tus sugerencias, dudas o ideas. Si no encuentras algo o conoces recursos que debamos compartir, contacta con nosotros. Asociaci\u00f3n Empresarial Multisectorial Innovadora Smart Island Cl\u00faster Inco-LAB. M\u00e1s informaci\u00f3n Nombre * obligatorio Apellidos * obligatorio Correo electr\u00f3nico * obligatorio Empresa u organizaci\u00f3n * opcional Tel\u00e9fono de contacto * opcional \u00bfC\u00f3mo podemos ayudarte? Asunto de tu mensaje o consulta. Si lo deseas, tambi\u00e9n puedes enviarnos una propuesta de recurso para a\u00f1adir a nuestro portal * obligatorio Describe tu mensaje o consulta, o bien a\u00f1ade informaci\u00f3n sobre tu propuesta de recurso * obligatorio Suscribirme para recibir novedades y noticias&hellip;<\/p>\n","category_list":"","author_info":{"name":"Inco-LAB Smart Island Cluster","url":"https:\/\/old.smartislandcluster.org\/reexin\/author\/inco-lab\/"},"comments_num":"0 comentarios","featured_image_urls_v2":{"full":"","thumbnail":"","medium":"","medium_large":"","large":"","1536x1536":"","2048x2048":"","featured-page":"","woocommerce_thumbnail":"","woocommerce_single":"","woocommerce_gallery_thumbnail":""},"post_excerpt_stackable_v2":"<p>ContactoEnv\u00edanos un mensaje con tus sugerencias, dudas o ideas. Si no encuentras algo o conoces recursos que debamos compartir, contacta con nosotros. Asociaci\u00f3n Empresarial Multisectorial Innovadora Smart Island Cl\u00faster Inco-LAB. M\u00e1s informaci\u00f3n Nombre * obligatorio Apellidos * obligatorio Correo electr\u00f3nico * obligatorio Empresa u organizaci\u00f3n * opcional Tel\u00e9fono de contacto * opcional \u00bfC\u00f3mo podemos ayudarte? Asunto de tu mensaje o consulta. Si lo deseas, tambi\u00e9n puedes enviarnos una propuesta de recurso para a\u00f1adir a nuestro portal * obligatorio Describe tu mensaje o consulta, o bien a\u00f1ade informaci\u00f3n sobre tu propuesta de recurso * obligatorio Suscribirme para recibir novedades y noticias&hellip;<\/p>\n","category_list_v2":"","author_info_v2":{"name":"Inco-LAB Smart Island Cluster","url":"https:\/\/old.smartislandcluster.org\/reexin\/author\/inco-lab\/"},"comments_num_v2":"0 comentarios","yoast_head":"<!-- This site is optimized with the Yoast SEO plugin v19.11 - https:\/\/yoast.com\/wordpress\/plugins\/seo\/ -->\n<title>Contacto &gt; REEXIN<\/title>\n<meta name=\"description\" content=\"Si no encuentras algo o conoces recursos que debamos compartir, ponte en contacto con nosotros y lo facilitaremos en nuestro portal.\" \/>\n<meta name=\"robots\" content=\"index, follow, max-snippet:-1, max-image-preview:large, max-video-preview:-1\" \/>\n<link rel=\"canonical\" href=\"https:\/\/old.smartislandcluster.org\/reexin\/contacto\/\" \/>\n<meta property=\"og:locale\" content=\"es_ES\" \/>\n<meta property=\"og:type\" content=\"article\" \/>\n<meta property=\"og:title\" content=\"Contacto &gt; REEXIN\" \/>\n<meta property=\"og:description\" content=\"Si no encuentras algo o conoces recursos que debamos compartir, ponte en contacto con nosotros y lo facilitaremos en nuestro portal.\" \/>\n<meta property=\"og:url\" content=\"https:\/\/old.smartislandcluster.org\/reexin\/contacto\/\" \/>\n<meta property=\"og:site_name\" content=\"REEXIN\" \/>\n<meta property=\"article:modified_time\" content=\"2021-06-27T18:50:56+00:00\" \/>\n<meta property=\"og:image\" content=\"https:\/\/old.smartislandcluster.org\/reexin\/wp-content\/uploads\/sites\/8\/2021\/06\/cropped-cropped-Logo-Inco-LAB-H-color-2048x686-1-300x100.png\" \/>\n<meta name=\"twitter:card\" content=\"summary_large_image\" \/>\n<script type=\"application\/ld+json\" class=\"yoast-schema-graph\">{\"@context\":\"https:\/\/schema.org\",\"@graph\":[{\"@type\":\"WebPage\",\"@id\":\"https:\/\/old.smartislandcluster.org\/reexin\/contacto\/\",\"url\":\"https:\/\/old.smartislandcluster.org\/reexin\/contacto\/\",\"name\":\"Contacto &gt; REEXIN\",\"isPartOf\":{\"@id\":\"https:\/\/old.smartislandcluster.org\/reexin\/#website\"},\"datePublished\":\"2021-06-25T17:39:19+00:00\",\"dateModified\":\"2021-06-27T18:50:56+00:00\",\"description\":\"Si no encuentras algo o conoces recursos que debamos compartir, ponte en contacto con nosotros y lo facilitaremos en nuestro portal.\",\"breadcrumb\":{\"@id\":\"https:\/\/old.smartislandcluster.org\/reexin\/contacto\/#breadcrumb\"},\"inLanguage\":\"es\",\"potentialAction\":[{\"@type\":\"ReadAction\",\"target\":[\"https:\/\/old.smartislandcluster.org\/reexin\/contacto\/\"]}]},{\"@type\":\"BreadcrumbList\",\"@id\":\"https:\/\/old.smartislandcluster.org\/reexin\/contacto\/#breadcrumb\",\"itemListElement\":[{\"@type\":\"ListItem\",\"position\":1,\"name\":\"Portada\",\"item\":\"https:\/\/old.smartislandcluster.org\/reexin\/\"},{\"@type\":\"ListItem\",\"position\":2,\"name\":\"Contacto\"}]},{\"@type\":\"WebSite\",\"@id\":\"https:\/\/old.smartislandcluster.org\/reexin\/#website\",\"url\":\"https:\/\/old.smartislandcluster.org\/reexin\/\",\"name\":\"REEXIN\",\"description\":\"Portal de referencia de Recursos de Expansi\u00f3n Internacional\",\"potentialAction\":[{\"@type\":\"SearchAction\",\"target\":{\"@type\":\"EntryPoint\",\"urlTemplate\":\"https:\/\/old.smartislandcluster.org\/reexin\/?s={search_term_string}\"},\"query-input\":\"required name=search_term_string\"}],\"inLanguage\":\"es\"}]}<\/script>\n<!-- \/ Yoast SEO plugin. -->","yoast_head_json":{"title":"Contacto &gt; REEXIN","description":"Si no encuentras algo o conoces recursos que debamos compartir, ponte en contacto con nosotros y lo facilitaremos en nuestro portal.","robots":{"index":"index","follow":"follow","max-snippet":"max-snippet:-1","max-image-preview":"max-image-preview:large","max-video-preview":"max-video-preview:-1"},"canonical":"https:\/\/old.smartislandcluster.org\/reexin\/contacto\/","og_locale":"es_ES","og_type":"article","og_title":"Contacto &gt; REEXIN","og_description":"Si no encuentras algo o conoces recursos que debamos compartir, ponte en contacto con nosotros y lo facilitaremos en nuestro portal.","og_url":"https:\/\/old.smartislandcluster.org\/reexin\/contacto\/","og_site_name":"REEXIN","article_modified_time":"2021-06-27T18:50:56+00:00","og_image":[{"url":"https:\/\/old.smartislandcluster.org\/reexin\/wp-content\/uploads\/sites\/8\/2021\/06\/cropped-cropped-Logo-Inco-LAB-H-color-2048x686-1-300x100.png"}],"twitter_card":"summary_large_image","schema":{"@context":"https:\/\/schema.org","@graph":[{"@type":"WebPage","@id":"https:\/\/old.smartislandcluster.org\/reexin\/contacto\/","url":"https:\/\/old.smartislandcluster.org\/reexin\/contacto\/","name":"Contacto &gt; REEXIN","isPartOf":{"@id":"https:\/\/old.smartislandcluster.org\/reexin\/#website"},"datePublished":"2021-06-25T17:39:19+00:00","dateModified":"2021-06-27T18:50:56+00:00","description":"Si no encuentras algo o conoces recursos que debamos compartir, ponte en contacto con nosotros y lo facilitaremos en nuestro portal.","breadcrumb":{"@id":"https:\/\/old.smartislandcluster.org\/reexin\/contacto\/#breadcrumb"},"inLanguage":"es","potentialAction":[{"@type":"ReadAction","target":["https:\/\/old.smartislandcluster.org\/reexin\/contacto\/"]}]},{"@type":"BreadcrumbList","@id":"https:\/\/old.smartislandcluster.org\/reexin\/contacto\/#breadcrumb","itemListElement":[{"@type":"ListItem","position":1,"name":"Portada","item":"https:\/\/old.smartislandcluster.org\/reexin\/"},{"@type":"ListItem","position":2,"name":"Contacto"}]},{"@type":"WebSite","@id":"https:\/\/old.smartislandcluster.org\/reexin\/#website","url":"https:\/\/old.smartislandcluster.org\/reexin\/","name":"REEXIN","description":"Portal de referencia de Recursos de Expansi\u00f3n Internacional","potentialAction":[{"@type":"SearchAction","target":{"@type":"EntryPoint","urlTemplate":"https:\/\/old.smartislandcluster.org\/reexin\/?s={search_term_string}"},"query-input":"required name=search_term_string"}],"inLanguage":"es"}]}},"_links":{"self":[{"href":"https:\/\/old.smartislandcluster.org\/reexin\/wp-json\/wp\/v2\/pages\/43","targetHints":{"allow":["GET"]}}],"collection":[{"href":"https:\/\/old.smartislandcluster.org\/reexin\/wp-json\/wp\/v2\/pages"}],"about":[{"href":"https:\/\/old.smartislandcluster.org\/reexin\/wp-json\/wp\/v2\/types\/page"}],"author":[{"embeddable":true,"href":"https:\/\/old.smartislandcluster.org\/reexin\/wp-json\/wp\/v2\/users\/21"}],"replies":[{"embeddable":true,"href":"https:\/\/old.smartislandcluster.org\/reexin\/wp-json\/wp\/v2\/comments?post=43"}],"version-history":[{"count":14,"href":"https:\/\/old.smartislandcluster.org\/reexin\/wp-json\/wp\/v2\/pages\/43\/revisions"}],"predecessor-version":[{"id":348,"href":"https:\/\/old.smartislandcluster.org\/reexin\/wp-json\/wp\/v2\/pages\/43\/revisions\/348"}],"wp:attachment":[{"href":"https:\/\/old.smartislandcluster.org\/reexin\/wp-json\/wp\/v2\/media?parent=43"}],"curies":[{"name":"wp","href":"https:\/\/api.w.org\/{rel}","templated":true}]}}